{"id":337694,"date":"2021-06-29T15:43:50","date_gmt":"2021-06-29T13:43:50","guid":{"rendered":"https:\/\/letutudanza.it\/prodotto\/doppelte-hoehenverstellbare-stange-giselle"},"modified":"2025-09-05T13:08:34","modified_gmt":"2025-09-05T11:08:34","slug":"doppelbugel-hohenverstellbar-giselle","status":"publish","type":"product","link":"https:\/\/www.letutudanza.it\/de\/prodotto\/doppelbugel-hohenverstellbar-giselle","title":{"rendered":"Doppelstange f\u00fcr h\u00f6henverstellbares Training: 2 Stangen im Abstand von 19 cm \u2013 Giselle"},"content":{"rendered":"<p><strong>Artikel nicht auf Lager verf\u00fcgbar.<\/strong> <strong>Lieferzeiten 10\/15 Tage. um<\/strong><\/p>\n","protected":false},"excerpt":{"rendered":"<p>H\u00f6henverstellbarer Doppelb\u00fcgel. Zwei Stangen im Abstand von 19 cm und 10 einstellbare Positionen, die Giselle ist eine \u00e4u\u00dferst vielseitige Stange f\u00fcr Menschen jeder Gr\u00f6\u00dfe.<\/p>\n<p>Die H\u00f6he der Giselle l\u00e4sst sich leicht fixieren, was eine schnelle Anpassung der H\u00f6he an unterschiedliche Personen und \u00dcbungen erm\u00f6glicht.<\/p>\n<p>Der Abstand zwischen der minimalen und maximalen H\u00f6he betr\u00e4gt 27 cm und in allen Positionen sind die Sicherheit und Leistung der Stange garantiert.<\/p>\n<p><strong>Erh\u00e4ltlich mit und ohne R\u00e4der und in Stangenl\u00e4ngen von 2 oder 3 Metern.<\/strong><\/p>\n<p>Eigenschaften:<\/p>\n<ul>\n<li>10-fach h\u00f6henverstellbare Doppel-Ballettstange<\/li>\n<li>Abstand zwischen maximaler und minimaler H\u00f6he von 27 cm<\/li>\n<li>Enth\u00e4lt zwei polierte, unlackierte Melis-Kiefernholzst\u00e4be<\/li>\n<li>Holzst\u00e4be mit 40 mm Durchmesser, erh\u00e4ltlich in 1,5, 2 oder 3 Metern<\/li>\n<li>Stahlsockel und -rohre in Epoxidsilberfarbe<\/li>\n<li>Sockel mit optionalen R\u00e4dern erh\u00e4ltlich<\/li>\n<li>H\u00f6he von Position 1 (Minimum) ohne R\u00e4der: obere Stange 92,5 cm. Unterer Balken 69,5 cm<\/li>\n<li>H\u00f6he 10 (maximale) Position ohne R\u00e4der: untere Stange 119,5 cm. Obere Stange 96,5 cm<\/li>\n<li>H\u00f6henposition 1 (Minimum) mit R\u00e4dern: obere Stange 93,5 cm. Unterer Balken 70,5 cm<\/li>\n<li>H\u00f6he 10 (maximal) Position mit R\u00e4dern: obere Stange 120,5 cm. Unterer Balken 97,5 cm<\/li>\n<li>Abstand zwischen den Stangen: 19 cm<\/li>\n<li>Stangendurchmesser: 40 mm<\/li>\n<li>S\u00e4ulendurchmesser: 50 mm<\/li>\n<li>Abmessungen der Sockel (mit R\u00e4dern): 39,5 x 32 x 1 (2) cm<\/li>\n<li>Gesamtgewicht ohne R\u00e4der mit 2m Stangen: 34kg<\/li>\n<li>Gesamtgewicht ohne R\u00e4der mit 3m Stangen: 36kg<\/li>\n<li>Gesamtgewicht mit R\u00e4dern mit 2-m-Stangen: 53 kg<\/li>\n<li>Gesamtgewicht mit R\u00e4dern mit 3-m-Stangen: 55 kg<\/li>\n<li>Standardstangenl\u00e4nge: 1,5 m, 2 m oder 3 m<\/li>\n<\/ul>\n","protected":false},"featured_media":323324,"template":"","meta":{"_acf_changed":false},"product_brand":[],"product_cat":[1732,1447],"product_tag":[],"class_list":{"0":"post-337694","1":"product","2":"type-product","3":"status-publish","4":"has-post-thumbnail","6":"product_cat-stangen-und-tanzspiegel","7":"product_cat-zubehor","8":"pa_brand-ballettdynamik","10":"first","11":"instock","12":"shipping-taxable","13":"purchasable","14":"product-type-variable"},"acf":[],"_links":{"self":[{"href":"https:\/\/www.letutudanza.it\/de\/wp-json\/wp\/v2\/product\/337694","targetHints":{"allow":["GET"]}}],"collection":[{"href":"https:\/\/www.letutudanza.it\/de\/wp-json\/wp\/v2\/product"}],"about":[{"href":"https:\/\/www.letutudanza.it\/de\/wp-json\/wp\/v2\/types\/product"}],"wp:featuredmedia":[{"embeddable":true,"href":"https:\/\/www.letutudanza.it\/de\/wp-json\/wp\/v2\/media\/323324"}],"wp:attachment":[{"href":"https:\/\/www.letutudanza.it\/de\/wp-json\/wp\/v2\/media?parent=337694"}],"wp:term":[{"taxonomy":"product_brand","embeddable":true,"href":"https:\/\/www.letutudanza.it\/de\/wp-json\/wp\/v2\/product_brand?post=337694"},{"taxonomy":"product_cat","embeddable":true,"href":"https:\/\/www.letutudanza.it\/de\/wp-json\/wp\/v2\/product_cat?post=337694"},{"taxonomy":"product_tag","embeddable":true,"href":"https:\/\/www.letutudanza.it\/de\/wp-json\/wp\/v2\/product_tag?post=337694"}],"curies":[{"name":"wp","href":"https:\/\/api.w.org\/{rel}","templated":true}]}}