{"id":337587,"date":"2021-06-29T15:39:39","date_gmt":"2021-06-29T13:39:39","guid":{"rendered":"https:\/\/letutudanza.it\/prodotto\/wandhalterung-fuer-tanzbars-arabesque"},"modified":"2024-12-25T12:51:51","modified_gmt":"2024-12-25T11:51:51","slug":"wandhalterung-fur-arabesque-tanzstangen","status":"publish","type":"product","link":"https:\/\/www.letutudanza.it\/de\/prodotto\/wandhalterung-fur-arabesque-tanzstangen","title":{"rendered":"Wandhalterung f\u00fcr Tanzbars &#8211; Arabesque"},"content":{"rendered":"<p style=\"text-align: center\"><strong>Artikel nicht auf Lager verf\u00fcgbar.<\/strong> <strong>Lieferzeiten 10\/15 Tage. um<\/strong><\/p>\n","protected":false},"excerpt":{"rendered":"<p>Arabesque ist eine Wandhalterung f\u00fcr Holzstangen bis zu einem Durchmesser von 40 mm.<\/p>\n<p>Dank der zylindrischen Form sind die Befestigungsklammern breit genug, um zwei Holzstangen aufzunehmen, und bieten au\u00dferdem eine hohe Widerstandsf\u00e4higkeit f\u00fcr jede Art von Stangen\u00fcbung.<\/p>\n<ul>\n<li>St\u00e4nderh\u00f6he: 20,2 cm.<\/li>\n<li>Breite: 15 cm<\/li>\n<li>Tiefe: Wand &#8211; Au\u00dfenstange 18 cm.<\/li>\n<li>Tiefe: Wand &#8211; Innenstange 13,5 cm.<\/li>\n<li>Plattenma\u00dfe: 10 x 8 x 0,6 cm.<\/li>\n<li>Gewicht: 1,15 kg<\/li>\n<\/ul>\n<p>inbegriffen:<\/p>\n<ul>\n<li>4 Wandbefestigungsschrauben DIN 7505A 5,5 x 50 mm.<\/li>\n<li>4 Nieten vom Typ Fischer.<\/li>\n<li>2 Schrauben zur Befestigung von Stangen DIN 7505A 4,5 x 20 mm.<\/li>\n<\/ul>\n<p>Der ARABESQUE Halter ist f\u00fcr Holzst\u00e4be mit einem Durchmesser von 40 mm ausgelegt.<\/p>\n<p>Maximal empfohlener Abstand zwischen beiden St\u00fctzen: 2 m.<\/p>\n","protected":false},"featured_media":473820,"template":"","meta":{"_acf_changed":false},"product_brand":[],"product_cat":[1732,1447],"product_tag":[],"class_list":{"0":"post-337587","1":"product","2":"type-product","3":"status-publish","4":"has-post-thumbnail","6":"product_cat-stangen-und-tanzspiegel","7":"product_cat-zubehor","8":"pa_brand-ballettdynamik","10":"first","11":"instock","12":"shipping-taxable","13":"purchasable","14":"product-type-simple"},"acf":[],"_links":{"self":[{"href":"https:\/\/www.letutudanza.it\/de\/wp-json\/wp\/v2\/product\/337587","targetHints":{"allow":["GET"]}}],"collection":[{"href":"https:\/\/www.letutudanza.it\/de\/wp-json\/wp\/v2\/product"}],"about":[{"href":"https:\/\/www.letutudanza.it\/de\/wp-json\/wp\/v2\/types\/product"}],"wp:featuredmedia":[{"embeddable":true,"href":"https:\/\/www.letutudanza.it\/de\/wp-json\/wp\/v2\/media\/473820"}],"wp:attachment":[{"href":"https:\/\/www.letutudanza.it\/de\/wp-json\/wp\/v2\/media?parent=337587"}],"wp:term":[{"taxonomy":"product_brand","embeddable":true,"href":"https:\/\/www.letutudanza.it\/de\/wp-json\/wp\/v2\/product_brand?post=337587"},{"taxonomy":"product_cat","embeddable":true,"href":"https:\/\/www.letutudanza.it\/de\/wp-json\/wp\/v2\/product_cat?post=337587"},{"taxonomy":"product_tag","embeddable":true,"href":"https:\/\/www.letutudanza.it\/de\/wp-json\/wp\/v2\/product_tag?post=337587"}],"curies":[{"name":"wp","href":"https:\/\/api.w.org\/{rel}","templated":true}]}}