{"id":337293,"date":"2021-06-29T15:36:22","date_gmt":"2021-06-29T13:36:22","guid":{"rendered":"https:\/\/letutudanza.it\/prodotto\/klemme-fuer-stromschienen-twist"},"modified":"2024-12-25T12:51:52","modified_gmt":"2024-12-25T11:51:52","slug":"twist-bar-terminal","status":"publish","type":"product","link":"https:\/\/www.letutudanza.it\/de\/prodotto\/twist-bar-terminal","title":{"rendered":"Terminal f\u00fcr Stangen f\u00fcr Dazna \u2013 Twist"},"content":{"rendered":"<p style=\"text-align: center\"><strong>Artikel nicht auf Lager verf\u00fcgbar.<\/strong> <strong>Lieferzeiten 10\/15 Tage. um<\/strong><\/p>\n","protected":false},"excerpt":{"rendered":"<p>Wist ist eine Halterung, mit der Sie das Ende einer Holzstange an einer Wand befestigen oder eine Stange zwischen zwei senkrechten S\u00e4ulen oder Fl\u00e4chen einf\u00fchren k\u00f6nnen.<\/p>\n<p>Es wurde entwickelt, um die Stabilit\u00e4t der Bar zu verst\u00e4rken, wenn wenig Platz vorhanden ist, oder um sie mit der Wand zu verbinden.<\/p>\n<p>Wie alle unsere Steigb\u00fcgel bietet der Schn\u00fcrmechanismus eine hohe Leistung f\u00fcr Ballett- und Fitness\u00fcbungen.<\/p>\n","protected":false},"featured_media":323310,"template":"","meta":{"_acf_changed":false},"product_brand":[],"product_cat":[1732,1447],"product_tag":[],"class_list":{"0":"post-337293","1":"product","2":"type-product","3":"status-publish","4":"has-post-thumbnail","6":"product_cat-stangen-und-tanzspiegel","7":"product_cat-zubehor","8":"pa_brand-ballettdynamik","10":"first","11":"instock","12":"shipping-taxable","13":"purchasable","14":"product-type-simple"},"acf":[],"_links":{"self":[{"href":"https:\/\/www.letutudanza.it\/de\/wp-json\/wp\/v2\/product\/337293","targetHints":{"allow":["GET"]}}],"collection":[{"href":"https:\/\/www.letutudanza.it\/de\/wp-json\/wp\/v2\/product"}],"about":[{"href":"https:\/\/www.letutudanza.it\/de\/wp-json\/wp\/v2\/types\/product"}],"wp:featuredmedia":[{"embeddable":true,"href":"https:\/\/www.letutudanza.it\/de\/wp-json\/wp\/v2\/media\/323310"}],"wp:attachment":[{"href":"https:\/\/www.letutudanza.it\/de\/wp-json\/wp\/v2\/media?parent=337293"}],"wp:term":[{"taxonomy":"product_brand","embeddable":true,"href":"https:\/\/www.letutudanza.it\/de\/wp-json\/wp\/v2\/product_brand?post=337293"},{"taxonomy":"product_cat","embeddable":true,"href":"https:\/\/www.letutudanza.it\/de\/wp-json\/wp\/v2\/product_cat?post=337293"},{"taxonomy":"product_tag","embeddable":true,"href":"https:\/\/www.letutudanza.it\/de\/wp-json\/wp\/v2\/product_tag?post=337293"}],"curies":[{"name":"wp","href":"https:\/\/api.w.org\/{rel}","templated":true}]}}