{"id":336789,"date":"2021-06-29T15:16:47","date_gmt":"2021-06-29T13:16:47","guid":{"rendered":"https:\/\/letutudanza.it\/prodotto\/tank-top-body-im-angebot"},"modified":"2026-04-17T16:16:10","modified_gmt":"2026-04-17T14:16:10","slug":"body-tank-top-angebot","status":"publish","type":"product","link":"https:\/\/www.letutudanza.it\/de\/prodotto\/body-tank-top-angebot","title":{"rendered":"Tanztrikot. Mikrofaser-Tanktop"},"content":{"rendered":"<p>Camisole-Bodysuit mit tiefem Ausschnitt auf der R\u00fcckseite.<\/p>\n<p>Erh\u00e4ltlich in der Farbe Aqua Green<\/p>\n<p>Angebot g\u00fcltig solange der Vorrat reicht.<\/p>\n","protected":false},"excerpt":{"rendered":"<p>Mikrofaser-Tanktop, Farbe wie abgebildet.<br \/>\n Tiefer Halsausschnitt und R\u00fcckenausschnitt f\u00fcr eine bessere Passform<\/p>\n<p> Erh\u00e4ltlich in Gr\u00f6\u00dfe L<\/p>\n<p>&nbsp;<\/p>\n","protected":false},"featured_media":323282,"template":"","meta":{"_acf_changed":false},"product_brand":[],"product_cat":[1521,1451],"product_tag":[],"class_list":{"0":"post-336789","1":"product","2":"type-product","3":"status-publish","4":"has-post-thumbnail","6":"product_cat-auslasskorper","7":"product_cat-auslauf","8":"pa_brand-dl-tanzkleidung","10":"first","11":"instock","12":"sale","13":"shipping-taxable","14":"purchasable","15":"product-type-simple"},"acf":[],"_links":{"self":[{"href":"https:\/\/www.letutudanza.it\/de\/wp-json\/wp\/v2\/product\/336789","targetHints":{"allow":["GET"]}}],"collection":[{"href":"https:\/\/www.letutudanza.it\/de\/wp-json\/wp\/v2\/product"}],"about":[{"href":"https:\/\/www.letutudanza.it\/de\/wp-json\/wp\/v2\/types\/product"}],"wp:featuredmedia":[{"embeddable":true,"href":"https:\/\/www.letutudanza.it\/de\/wp-json\/wp\/v2\/media\/323282"}],"wp:attachment":[{"href":"https:\/\/www.letutudanza.it\/de\/wp-json\/wp\/v2\/media?parent=336789"}],"wp:term":[{"taxonomy":"product_brand","embeddable":true,"href":"https:\/\/www.letutudanza.it\/de\/wp-json\/wp\/v2\/product_brand?post=336789"},{"taxonomy":"product_cat","embeddable":true,"href":"https:\/\/www.letutudanza.it\/de\/wp-json\/wp\/v2\/product_cat?post=336789"},{"taxonomy":"product_tag","embeddable":true,"href":"https:\/\/www.letutudanza.it\/de\/wp-json\/wp\/v2\/product_tag?post=336789"}],"curies":[{"name":"wp","href":"https:\/\/api.w.org\/{rel}","templated":true}]}}