{"id":336776,"date":"2021-06-29T15:24:04","date_gmt":"2021-06-29T13:24:04","guid":{"rendered":"https:\/\/letutudanza.it\/prodotto\/fischer-shorts"},"modified":"2025-09-18T17:02:36","modified_gmt":"2025-09-18T15:02:36","slug":"fischerhose","status":"publish","type":"product","link":"https:\/\/www.letutudanza.it\/de\/prodotto\/fischerhose","title":{"rendered":"Fischer-Tanzhose f\u00fcr Herren"},"content":{"rendered":"<p>Mann Panfischer. Aus Stretch-Material mit 3 cm hohem Gummizug in der Taille und B\u00fcgelfalte ohne Gummizug an den Beinen f\u00fcr eine Passform ohne einzuengen.<\/p>\n","protected":false},"excerpt":{"rendered":"<p>Hergestellt mit einem elastischen Bund und elastischen Falten an den Beinen f\u00fcr eine gute Passform, ohne einzuengen.<br \/>\nL\u00e4nge bis zur Mitte der Wade<\/p>\n","protected":false},"featured_media":419855,"template":"","meta":{"_acf_changed":false},"product_brand":[],"product_cat":[1517,1516,1513],"product_tag":[],"class_list":{"0":"post-336776","1":"product","2":"type-product","3":"status-publish","4":"has-post-thumbnail","6":"product_cat-herrenhosen-und-shorts","7":"product_cat-herrenlinie","8":"product_cat-kleidung","9":"pa_brand-dl-tanzkleidung","11":"first","12":"instock","13":"shipping-taxable","14":"purchasable","15":"product-type-variable"},"acf":[],"_links":{"self":[{"href":"https:\/\/www.letutudanza.it\/de\/wp-json\/wp\/v2\/product\/336776","targetHints":{"allow":["GET"]}}],"collection":[{"href":"https:\/\/www.letutudanza.it\/de\/wp-json\/wp\/v2\/product"}],"about":[{"href":"https:\/\/www.letutudanza.it\/de\/wp-json\/wp\/v2\/types\/product"}],"wp:featuredmedia":[{"embeddable":true,"href":"https:\/\/www.letutudanza.it\/de\/wp-json\/wp\/v2\/media\/419855"}],"wp:attachment":[{"href":"https:\/\/www.letutudanza.it\/de\/wp-json\/wp\/v2\/media?parent=336776"}],"wp:term":[{"taxonomy":"product_brand","embeddable":true,"href":"https:\/\/www.letutudanza.it\/de\/wp-json\/wp\/v2\/product_brand?post=336776"},{"taxonomy":"product_cat","embeddable":true,"href":"https:\/\/www.letutudanza.it\/de\/wp-json\/wp\/v2\/product_cat?post=336776"},{"taxonomy":"product_tag","embeddable":true,"href":"https:\/\/www.letutudanza.it\/de\/wp-json\/wp\/v2\/product_tag?post=336776"}],"curies":[{"name":"wp","href":"https:\/\/api.w.org\/{rel}","templated":true}]}}