{"id":336510,"date":"2021-06-29T15:09:58","date_gmt":"2021-06-29T13:09:58","guid":{"rendered":"https:\/\/letutudanza.it\/prodotto\/body-mara-im-angebot"},"modified":"2025-09-22T11:28:27","modified_gmt":"2025-09-22T09:28:27","slug":"body-mara-angebot","status":"publish","type":"product","link":"https:\/\/www.letutudanza.it\/de\/prodotto\/body-mara-angebot","title":{"rendered":"Schwarzer Tanzanzug mit kontrastierenden roten N\u00e4hten"},"content":{"rendered":"<p>Tank Top Body Mara, mit Raffung und Brustausschnitt. Mittlerer Ausschnitt. Erh\u00e4ltlich in schwarzer Mikrofaser mit roten N\u00e4hten und in gl\u00e4nzendem rosafarbenem Lycra.<\/p>\n<p>Vorne gef\u00fcttert<\/p>\n","protected":false},"excerpt":{"rendered":"<p>Tanktop-Body aus schwarzer Mikrofaser.<br \/>\n Brustausschnitt und formende Abn\u00e4her. Kontrastierende rote N\u00e4hte und etwas tieferer Ausschnitt auf der R\u00fcckseite.<\/p>\n<p>Vorne gef\u00fcttert<\/p>\n","protected":false},"featured_media":323268,"template":"","meta":{"_acf_changed":false},"product_brand":[],"product_cat":[1521,1451],"product_tag":[],"class_list":{"0":"post-336510","1":"product","2":"type-product","3":"status-publish","4":"has-post-thumbnail","6":"product_cat-auslasskorper","7":"product_cat-auslauf","8":"pa_brand-dl-tanzkleidung","10":"first","11":"instock","12":"sale","13":"shipping-taxable","14":"purchasable","15":"product-type-variable"},"acf":[],"_links":{"self":[{"href":"https:\/\/www.letutudanza.it\/de\/wp-json\/wp\/v2\/product\/336510","targetHints":{"allow":["GET"]}}],"collection":[{"href":"https:\/\/www.letutudanza.it\/de\/wp-json\/wp\/v2\/product"}],"about":[{"href":"https:\/\/www.letutudanza.it\/de\/wp-json\/wp\/v2\/types\/product"}],"wp:featuredmedia":[{"embeddable":true,"href":"https:\/\/www.letutudanza.it\/de\/wp-json\/wp\/v2\/media\/323268"}],"wp:attachment":[{"href":"https:\/\/www.letutudanza.it\/de\/wp-json\/wp\/v2\/media?parent=336510"}],"wp:term":[{"taxonomy":"product_brand","embeddable":true,"href":"https:\/\/www.letutudanza.it\/de\/wp-json\/wp\/v2\/product_brand?post=336510"},{"taxonomy":"product_cat","embeddable":true,"href":"https:\/\/www.letutudanza.it\/de\/wp-json\/wp\/v2\/product_cat?post=336510"},{"taxonomy":"product_tag","embeddable":true,"href":"https:\/\/www.letutudanza.it\/de\/wp-json\/wp\/v2\/product_tag?post=336510"}],"curies":[{"name":"wp","href":"https:\/\/api.w.org\/{rel}","templated":true}]}}