{"id":336149,"date":"2021-06-29T12:12:35","date_gmt":"2021-06-29T10:12:35","guid":{"rendered":"https:\/\/letutudanza.it\/prodotto\/koerperstimmung"},"modified":"2025-09-12T16:12:13","modified_gmt":"2025-09-12T14:12:13","slug":"korperstimmung","status":"publish","type":"product","link":"https:\/\/www.letutudanza.it\/de\/prodotto\/korperstimmung","title":{"rendered":"Tanztrikot mit \u00d6ffnung an den Seiten Mood"},"content":{"rendered":"<p>Ideal f\u00fcr moderne Kurse, Praktika und andere Disziplinen als Tanz  <\/p>\n","protected":false},"excerpt":{"rendered":"<p>Armloch-Body mit V-Ausschnitt vorne. Die \u00d6ffnung an den Seiten ist auch auf der Vorderseite sichtbar und wird mit Schn\u00fcren auf der R\u00fcckseite unter den Armen abgerundet. Vorne gef\u00fcttert<\/p>\n","protected":false},"featured_media":325748,"template":"","meta":{"_acf_changed":false},"product_brand":[],"product_cat":[1513,1550],"product_tag":[1552],"class_list":{"0":"post-336149","1":"product","2":"type-product","3":"status-publish","4":"has-post-thumbnail","6":"product_cat-kleidung","7":"product_cat-korper-tanz","8":"product_tag-balletttrikot-fur-erwachsene","9":"pa_brand-dl-tanzkleidung","11":"first","12":"instock","13":"shipping-taxable","14":"purchasable","15":"product-type-variable"},"acf":[],"_links":{"self":[{"href":"https:\/\/www.letutudanza.it\/de\/wp-json\/wp\/v2\/product\/336149","targetHints":{"allow":["GET"]}}],"collection":[{"href":"https:\/\/www.letutudanza.it\/de\/wp-json\/wp\/v2\/product"}],"about":[{"href":"https:\/\/www.letutudanza.it\/de\/wp-json\/wp\/v2\/types\/product"}],"wp:featuredmedia":[{"embeddable":true,"href":"https:\/\/www.letutudanza.it\/de\/wp-json\/wp\/v2\/media\/325748"}],"wp:attachment":[{"href":"https:\/\/www.letutudanza.it\/de\/wp-json\/wp\/v2\/media?parent=336149"}],"wp:term":[{"taxonomy":"product_brand","embeddable":true,"href":"https:\/\/www.letutudanza.it\/de\/wp-json\/wp\/v2\/product_brand?post=336149"},{"taxonomy":"product_cat","embeddable":true,"href":"https:\/\/www.letutudanza.it\/de\/wp-json\/wp\/v2\/product_cat?post=336149"},{"taxonomy":"product_tag","embeddable":true,"href":"https:\/\/www.letutudanza.it\/de\/wp-json\/wp\/v2\/product_tag?post=336149"}],"curies":[{"name":"wp","href":"https:\/\/api.w.org\/{rel}","templated":true}]}}