{"id":335586,"date":"2021-06-29T12:09:38","date_gmt":"2021-06-29T10:09:38","guid":{"rendered":"https:\/\/letutudanza.it\/prodotto\/koerper-silvia"},"modified":"2025-09-12T15:55:23","modified_gmt":"2025-09-12T13:55:23","slug":"korper-sylvie","status":"publish","type":"product","link":"https:\/\/www.letutudanza.it\/de\/prodotto\/korper-sylvie","title":{"rendered":"Sylvie Tanztrikot mit Netz\u00e4rmeln und Ausschnitt"},"content":{"rendered":"<p>Auch in anderen Gr\u00f6\u00dfen und Farben bestellbar, die nicht in der Liste aufgef\u00fchrt sind  <\/p>\n","protected":false},"excerpt":{"rendered":"<p>Body-Mieder mit Vorder- und R\u00fcckenausschnitt aus bi-elastischem Netzstoff. Halbe \u00c4rmel aus bi-elastischem Netz. Auf der Vorderseite gef\u00fcttert.<\/p>\n","protected":false},"featured_media":323126,"template":"","meta":{"_acf_changed":false},"product_brand":[],"product_cat":[1550,1513],"product_tag":[1552],"class_list":{"0":"post-335586","1":"product","2":"type-product","3":"status-publish","4":"has-post-thumbnail","6":"product_cat-korper-tanz","7":"product_cat-kleidung","8":"product_tag-balletttrikot-fur-erwachsene","9":"pa_brand-dl-tanzkleidung","11":"first","12":"instock","13":"shipping-taxable","14":"purchasable","15":"product-type-variable"},"acf":[],"_links":{"self":[{"href":"https:\/\/www.letutudanza.it\/de\/wp-json\/wp\/v2\/product\/335586","targetHints":{"allow":["GET"]}}],"collection":[{"href":"https:\/\/www.letutudanza.it\/de\/wp-json\/wp\/v2\/product"}],"about":[{"href":"https:\/\/www.letutudanza.it\/de\/wp-json\/wp\/v2\/types\/product"}],"wp:featuredmedia":[{"embeddable":true,"href":"https:\/\/www.letutudanza.it\/de\/wp-json\/wp\/v2\/media\/323126"}],"wp:attachment":[{"href":"https:\/\/www.letutudanza.it\/de\/wp-json\/wp\/v2\/media?parent=335586"}],"wp:term":[{"taxonomy":"product_brand","embeddable":true,"href":"https:\/\/www.letutudanza.it\/de\/wp-json\/wp\/v2\/product_brand?post=335586"},{"taxonomy":"product_cat","embeddable":true,"href":"https:\/\/www.letutudanza.it\/de\/wp-json\/wp\/v2\/product_cat?post=335586"},{"taxonomy":"product_tag","embeddable":true,"href":"https:\/\/www.letutudanza.it\/de\/wp-json\/wp\/v2\/product_tag?post=335586"}],"curies":[{"name":"wp","href":"https:\/\/api.w.org\/{rel}","templated":true}]}}