{"id":335500,"date":"2021-06-29T12:11:05","date_gmt":"2021-06-29T10:11:05","guid":{"rendered":"https:\/\/letutudanza.it\/prodotto\/bodyparis"},"modified":"2025-09-12T15:30:59","modified_gmt":"2025-09-12T13:30:59","slug":"korper-paris","status":"publish","type":"product","link":"https:\/\/www.letutudanza.it\/de\/prodotto\/korper-paris","title":{"rendered":"Tanztrikot mit Netzeinsatz hinten Paris"},"content":{"rendered":"<p>BodyParis. Body mit Netzeinsatz auf der Vorderseite. Der R\u00fccken ist mit einem gro\u00dfen, herzf\u00f6rmigen, bi-elastischen Mesh-Einsatz versehen, der mit einem horizontalen Schnitt im Mittelteil endet, wodurch der Bodysuit perfekte Haftung und Tragbarkeit erh\u00e4lt.<\/p>\n<p>Body mit Frontfutter<\/p>\n","protected":false},"excerpt":{"rendered":"<p>Body mit Netzeinsatz auf der Vorderseite. Der R\u00fccken ist mit einem gro\u00dfen, herzf\u00f6rmigen, bi-elastischen Mesh-Einsatz versehen, der mit einem horizontalen Schnitt im Mittelteil endet, wodurch der Bodysuit perfekte Haftung und Tragbarkeit erh\u00e4lt. Auf der Vorderseite gef\u00fcttert<\/p>\n","protected":false},"featured_media":323130,"template":"","meta":{"_acf_changed":false},"product_brand":[],"product_cat":[1513,1550],"product_tag":[1552],"class_list":{"0":"post-335500","1":"product","2":"type-product","3":"status-publish","4":"has-post-thumbnail","6":"product_cat-kleidung","7":"product_cat-korper-tanz","8":"product_tag-balletttrikot-fur-erwachsene","9":"pa_brand-dl-tanzkleidung","11":"first","12":"instock","13":"shipping-taxable","14":"purchasable","15":"product-type-variable"},"acf":[],"_links":{"self":[{"href":"https:\/\/www.letutudanza.it\/de\/wp-json\/wp\/v2\/product\/335500","targetHints":{"allow":["GET"]}}],"collection":[{"href":"https:\/\/www.letutudanza.it\/de\/wp-json\/wp\/v2\/product"}],"about":[{"href":"https:\/\/www.letutudanza.it\/de\/wp-json\/wp\/v2\/types\/product"}],"wp:featuredmedia":[{"embeddable":true,"href":"https:\/\/www.letutudanza.it\/de\/wp-json\/wp\/v2\/media\/323130"}],"wp:attachment":[{"href":"https:\/\/www.letutudanza.it\/de\/wp-json\/wp\/v2\/media?parent=335500"}],"wp:term":[{"taxonomy":"product_brand","embeddable":true,"href":"https:\/\/www.letutudanza.it\/de\/wp-json\/wp\/v2\/product_brand?post=335500"},{"taxonomy":"product_cat","embeddable":true,"href":"https:\/\/www.letutudanza.it\/de\/wp-json\/wp\/v2\/product_cat?post=335500"},{"taxonomy":"product_tag","embeddable":true,"href":"https:\/\/www.letutudanza.it\/de\/wp-json\/wp\/v2\/product_tag?post=335500"}],"curies":[{"name":"wp","href":"https:\/\/api.w.org\/{rel}","templated":true}]}}