{"id":335010,"date":"2021-06-29T12:07:45","date_gmt":"2021-06-29T10:07:45","guid":{"rendered":"https:\/\/letutudanza.it\/prodotto\/koerper-manuela"},"modified":"2025-09-12T15:44:38","modified_gmt":"2025-09-12T13:44:38","slug":"korperdrehung","status":"publish","type":"product","link":"https:\/\/www.letutudanza.it\/de\/prodotto\/korperdrehung","title":{"rendered":"Manuela Tanzbody mit N\u00e4hten und Spitze"},"content":{"rendered":"<p>Sehr eleganter Body mit vorderem Ausschnitt aus Spitze.<br \/>\nPerfekte Passform und bequemer Halt dank der Schnitte am Oberteil. Praktikabilit\u00e4t im Studio dank des besonderen R\u00fcckenausschnitts, der ebenfalls aus Spitze besteht und die Schulterbl\u00e4tter unbedeckt l\u00e4sst.<\/p>\n<p>Auf der Vorderseite gef\u00fcttert.<\/p>\n","protected":false},"excerpt":{"rendered":"<p>Body mit vorderem Ausschnitt aus Spitze. Perfekte Passform und bequemer Halt dank der Schnitte am Oberteil. Der ebenfalls mit Spitze verzierte R\u00fcckenausschnitt l\u00e4sst die Schulterbl\u00e4tter unbedeckt. Auf der Vorderseite gef\u00fcttert.<\/p>\n","protected":false},"featured_media":325728,"template":"","meta":{"_acf_changed":false},"product_brand":[],"product_cat":[1513,1550],"product_tag":[1552],"class_list":{"0":"post-335010","1":"product","2":"type-product","3":"status-publish","4":"has-post-thumbnail","6":"product_cat-kleidung","7":"product_cat-korper-tanz","8":"product_tag-balletttrikot-fur-erwachsene","9":"pa_brand-dl-tanzkleidung","11":"first","12":"instock","13":"shipping-taxable","14":"purchasable","15":"product-type-variable"},"acf":[],"_links":{"self":[{"href":"https:\/\/www.letutudanza.it\/de\/wp-json\/wp\/v2\/product\/335010","targetHints":{"allow":["GET"]}}],"collection":[{"href":"https:\/\/www.letutudanza.it\/de\/wp-json\/wp\/v2\/product"}],"about":[{"href":"https:\/\/www.letutudanza.it\/de\/wp-json\/wp\/v2\/types\/product"}],"wp:featuredmedia":[{"embeddable":true,"href":"https:\/\/www.letutudanza.it\/de\/wp-json\/wp\/v2\/media\/325728"}],"wp:attachment":[{"href":"https:\/\/www.letutudanza.it\/de\/wp-json\/wp\/v2\/media?parent=335010"}],"wp:term":[{"taxonomy":"product_brand","embeddable":true,"href":"https:\/\/www.letutudanza.it\/de\/wp-json\/wp\/v2\/product_brand?post=335010"},{"taxonomy":"product_cat","embeddable":true,"href":"https:\/\/www.letutudanza.it\/de\/wp-json\/wp\/v2\/product_cat?post=335010"},{"taxonomy":"product_tag","embeddable":true,"href":"https:\/\/www.letutudanza.it\/de\/wp-json\/wp\/v2\/product_tag?post=335010"}],"curies":[{"name":"wp","href":"https:\/\/api.w.org\/{rel}","templated":true}]}}