{"id":333633,"date":"2021-06-29T12:04:15","date_gmt":"2021-06-29T10:04:15","guid":{"rendered":"https:\/\/letutudanza.it\/prodotto\/koerper-dorie"},"modified":"2025-09-12T15:11:54","modified_gmt":"2025-09-12T13:11:54","slug":"korper-dory","status":"publish","type":"product","link":"https:\/\/www.letutudanza.it\/de\/prodotto\/korper-dory","title":{"rendered":"Tanztrikot mit Tr\u00e4gern und Dory-Kreuzen"},"content":{"rendered":"<p>Body Dorie mit Tr\u00e4gern. Brustausschnitt und Falten auf der Vorderseite, um dem K\u00f6rper eine bessere Passform zu verleihen.<br \/>\nSehr tiefer Ausschnitt auf der R\u00fcckseite mit Doppelkreuzung.<\/p>\n<p>Body mit Frontfutter<\/p>\n","protected":false},"excerpt":{"rendered":"<p>Body mit Tr\u00e4gern. Brustausschnitt und Falten auf der Vorderseite, um dem K\u00f6rper eine bessere Passform zu verleihen. Sehr tiefer Ausschnitt auf der R\u00fcckseite mit Doppelkreuzung. Auf der Vorderseite gef\u00fcttert<\/p>\n","protected":false},"featured_media":325720,"template":"","meta":{"_acf_changed":false},"product_brand":[],"product_cat":[1513,1550],"product_tag":[1552],"class_list":{"0":"post-333633","1":"product","2":"type-product","3":"status-publish","4":"has-post-thumbnail","6":"product_cat-kleidung","7":"product_cat-korper-tanz","8":"product_tag-balletttrikot-fur-erwachsene","9":"pa_brand-dl-tanzkleidung","11":"first","12":"instock","13":"shipping-taxable","14":"purchasable","15":"product-type-variable"},"acf":[],"_links":{"self":[{"href":"https:\/\/www.letutudanza.it\/de\/wp-json\/wp\/v2\/product\/333633","targetHints":{"allow":["GET"]}}],"collection":[{"href":"https:\/\/www.letutudanza.it\/de\/wp-json\/wp\/v2\/product"}],"about":[{"href":"https:\/\/www.letutudanza.it\/de\/wp-json\/wp\/v2\/types\/product"}],"wp:featuredmedia":[{"embeddable":true,"href":"https:\/\/www.letutudanza.it\/de\/wp-json\/wp\/v2\/media\/325720"}],"wp:attachment":[{"href":"https:\/\/www.letutudanza.it\/de\/wp-json\/wp\/v2\/media?parent=333633"}],"wp:term":[{"taxonomy":"product_brand","embeddable":true,"href":"https:\/\/www.letutudanza.it\/de\/wp-json\/wp\/v2\/product_brand?post=333633"},{"taxonomy":"product_cat","embeddable":true,"href":"https:\/\/www.letutudanza.it\/de\/wp-json\/wp\/v2\/product_cat?post=333633"},{"taxonomy":"product_tag","embeddable":true,"href":"https:\/\/www.letutudanza.it\/de\/wp-json\/wp\/v2\/product_tag?post=333633"}],"curies":[{"name":"wp","href":"https:\/\/api.w.org\/{rel}","templated":true}]}}