{"id":332916,"date":"2021-06-29T11:13:39","date_gmt":"2021-06-29T09:13:39","guid":{"rendered":"https:\/\/letutudanza.it\/prodotto\/uebungsrucksack"},"modified":"2024-12-25T12:52:01","modified_gmt":"2024-12-25T11:52:01","slug":"rucksack-praxis","status":"publish","type":"product","link":"https:\/\/www.letutudanza.it\/de\/prodotto\/rucksack-praxis","title":{"rendered":"\u00dcbungsrucksack"},"content":{"rendered":"<p>Mindestbestellmenge 10 St\u00fcck (neutral).<br \/>\nMindestbestellmenge mit Personalisierung: 20 St\u00fcck.<br \/>\nF\u00fcr Druck oder Stickerei sind zus\u00e4tzliche Kosten vorgesehen: Initialkosten Klischeeerstellung: 30\/35 \u20ac<br \/>\nLieferzeit: 15 Tage.<\/p>\n","protected":false},"excerpt":{"rendered":"<p>Aus Anti-Regen-Material gefertigt, ist es innen sehr ger\u00e4umig.<br \/>\nAu\u00dfentasche und verstellbare Schultergurte. Ausgestattet mit einem Haken zum einfachen Aufh\u00e4ngen \u00fcberall.<br \/>\nAnpassbar in anderen Farben und mit dem Logo Ihrer Tanzschule bei einer Mindestbestellmenge<\/p>\n<p>Ma\u00dfe: 38 x 32 x 18 cm<\/p>\n","protected":false},"featured_media":323046,"template":"","meta":{"_acf_changed":false},"product_brand":[],"product_cat":[1505,1447],"product_tag":[],"class_list":{"0":"post-332916","1":"product","2":"type-product","3":"status-publish","4":"has-post-thumbnail","6":"product_cat-tanztaschen-und-tutu-tasche","7":"product_cat-zubehor","8":"pa_brand-dl-tanzkleidung","10":"first","11":"instock","12":"shipping-taxable","13":"purchasable","14":"product-type-variable"},"acf":[],"_links":{"self":[{"href":"https:\/\/www.letutudanza.it\/de\/wp-json\/wp\/v2\/product\/332916","targetHints":{"allow":["GET"]}}],"collection":[{"href":"https:\/\/www.letutudanza.it\/de\/wp-json\/wp\/v2\/product"}],"about":[{"href":"https:\/\/www.letutudanza.it\/de\/wp-json\/wp\/v2\/types\/product"}],"wp:featuredmedia":[{"embeddable":true,"href":"https:\/\/www.letutudanza.it\/de\/wp-json\/wp\/v2\/media\/323046"}],"wp:attachment":[{"href":"https:\/\/www.letutudanza.it\/de\/wp-json\/wp\/v2\/media?parent=332916"}],"wp:term":[{"taxonomy":"product_brand","embeddable":true,"href":"https:\/\/www.letutudanza.it\/de\/wp-json\/wp\/v2\/product_brand?post=332916"},{"taxonomy":"product_cat","embeddable":true,"href":"https:\/\/www.letutudanza.it\/de\/wp-json\/wp\/v2\/product_cat?post=332916"},{"taxonomy":"product_tag","embeddable":true,"href":"https:\/\/www.letutudanza.it\/de\/wp-json\/wp\/v2\/product_tag?post=332916"}],"curies":[{"name":"wp","href":"https:\/\/api.w.org\/{rel}","templated":true}]}}