{"id":332640,"date":"2021-06-29T09:44:08","date_gmt":"2021-06-29T07:44:08","guid":{"rendered":"https:\/\/letutudanza.it\/prodotto\/ballettroeckchen-tt-090"},"modified":"2025-09-24T17:00:21","modified_gmt":"2025-09-24T15:00:21","slug":"ballettroeckchen-tt-090","status":"publish","type":"product","link":"https:\/\/www.letutudanza.it\/de\/prodotto\/ballettroeckchen-tt-090","title":{"rendered":"Ballettr\u00f6ckchen TT 090"},"content":{"rendered":"<p>Mieder aus Lycra. Schnitte entlang des Oberteils mit doppelter Spitze und kleinen Schleifen. Nudefarbene Hosentr\u00e4ger und gekr\u00e4uselte \u00c4rmel. Tutu machte glockenf\u00f6rmige Schichten aus abgestuftem T\u00fcll. Erste Schicht mit Spitze abgeschlossen. Teller\u00fcberzug bestehend aus 2 Volants und Sch\u00f6\u00dfchen aus Lycra mit Spitzenbesatz und Schleifen.<\/p>\n","protected":false},"excerpt":{"rendered":"<p>Mieder mit Schnitten aus Lycra und mit Spitze, Quasten und Schleifen verziert. Nudefarbene Hosentr\u00e4ger und gekr\u00e4uselte \u00c4rmel. Tutu machte glockenf\u00f6rmige Schichten aus abgestuftem T\u00fcll. Erste Schicht mit Spitze abgeschlossen. Teller\u00fcberzug bestehend aus 2 Volants und Sch\u00f6\u00dfchen aus Lycra mit Spitzenbesatz und Schleifen.<\/p>\n","protected":false},"featured_media":323004,"template":"","meta":{"_acf_changed":false},"product_brand":[],"product_cat":[1632,1631],"product_tag":[],"class_list":{"0":"post-332640","1":"product","2":"type-product","3":"status-publish","4":"has-post-thumbnail","6":"product_cat-tutu-degas","7":"product_cat-kostumdesign","9":"first","10":"instock","11":"shipping-taxable","12":"product-type-variable"},"acf":[],"_links":{"self":[{"href":"https:\/\/www.letutudanza.it\/de\/wp-json\/wp\/v2\/product\/332640","targetHints":{"allow":["GET"]}}],"collection":[{"href":"https:\/\/www.letutudanza.it\/de\/wp-json\/wp\/v2\/product"}],"about":[{"href":"https:\/\/www.letutudanza.it\/de\/wp-json\/wp\/v2\/types\/product"}],"wp:featuredmedia":[{"embeddable":true,"href":"https:\/\/www.letutudanza.it\/de\/wp-json\/wp\/v2\/media\/323004"}],"wp:attachment":[{"href":"https:\/\/www.letutudanza.it\/de\/wp-json\/wp\/v2\/media?parent=332640"}],"wp:term":[{"taxonomy":"product_brand","embeddable":true,"href":"https:\/\/www.letutudanza.it\/de\/wp-json\/wp\/v2\/product_brand?post=332640"},{"taxonomy":"product_cat","embeddable":true,"href":"https:\/\/www.letutudanza.it\/de\/wp-json\/wp\/v2\/product_cat?post=332640"},{"taxonomy":"product_tag","embeddable":true,"href":"https:\/\/www.letutudanza.it\/de\/wp-json\/wp\/v2\/product_tag?post=332640"}],"curies":[{"name":"wp","href":"https:\/\/api.w.org\/{rel}","templated":true}]}}