{"id":332570,"date":"2021-06-29T09:42:33","date_gmt":"2021-06-29T07:42:33","guid":{"rendered":"https:\/\/letutudanza.it\/prodotto\/ballettroeckchen-tt-045"},"modified":"2025-09-24T15:00:03","modified_gmt":"2025-09-24T13:00:03","slug":"ballettroeckchen-tt-045","status":"publish","type":"product","link":"https:\/\/www.letutudanza.it\/de\/prodotto\/ballettroeckchen-tt-045","title":{"rendered":"Ballettr\u00f6ckchen TT 045"},"content":{"rendered":"<p>Ideal zur Darstellung eines Elefantenbabys<\/p>\n","protected":false},"excerpt":{"rendered":"<p>Mieder aus glitzerndem Lycra. Lange geraffte \u00c4rmel, um den Eindruck eines R\u00fcssels zu erwecken, Ohr und Sto\u00dfzahn sind auf das Mieder aufgebracht.<br \/>\n Tutu aus 5 Lagen abwechselnd steifem T\u00fcll und Glitzerplatten\u00fcberzug.<\/p>\n","protected":false},"featured_media":323000,"template":"","meta":{"_acf_changed":false},"product_brand":[],"product_cat":[1632,1631],"product_tag":[],"class_list":{"0":"post-332570","1":"product","2":"type-product","3":"status-publish","4":"has-post-thumbnail","6":"product_cat-tutu-degas","7":"product_cat-kostumdesign","9":"first","10":"instock","11":"shipping-taxable","12":"product-type-variable"},"acf":[],"_links":{"self":[{"href":"https:\/\/www.letutudanza.it\/de\/wp-json\/wp\/v2\/product\/332570","targetHints":{"allow":["GET"]}}],"collection":[{"href":"https:\/\/www.letutudanza.it\/de\/wp-json\/wp\/v2\/product"}],"about":[{"href":"https:\/\/www.letutudanza.it\/de\/wp-json\/wp\/v2\/types\/product"}],"wp:featuredmedia":[{"embeddable":true,"href":"https:\/\/www.letutudanza.it\/de\/wp-json\/wp\/v2\/media\/323000"}],"wp:attachment":[{"href":"https:\/\/www.letutudanza.it\/de\/wp-json\/wp\/v2\/media?parent=332570"}],"wp:term":[{"taxonomy":"product_brand","embeddable":true,"href":"https:\/\/www.letutudanza.it\/de\/wp-json\/wp\/v2\/product_brand?post=332570"},{"taxonomy":"product_cat","embeddable":true,"href":"https:\/\/www.letutudanza.it\/de\/wp-json\/wp\/v2\/product_cat?post=332570"},{"taxonomy":"product_tag","embeddable":true,"href":"https:\/\/www.letutudanza.it\/de\/wp-json\/wp\/v2\/product_tag?post=332570"}],"curies":[{"name":"wp","href":"https:\/\/api.w.org\/{rel}","templated":true}]}}