{"id":332566,"date":"2021-06-29T09:33:40","date_gmt":"2021-06-29T07:33:40","guid":{"rendered":"https:\/\/letutudanza.it\/prodotto\/ballettroeckchen-tt-043"},"modified":"2025-09-24T14:52:20","modified_gmt":"2025-09-24T12:52:20","slug":"ballettroeckchen-tt-043","status":"publish","type":"product","link":"https:\/\/www.letutudanza.it\/de\/prodotto\/ballettroeckchen-tt-043","title":{"rendered":"Ballettr\u00f6ckchen TT 043"},"content":{"rendered":"<p>Ideal zur Darstellung von Mickey Mouse<\/p>\n","protected":false},"excerpt":{"rendered":"<p>Mini Degas. Lycra-Bodysuit im Jackenschnitt und mit Paillettenbesatz.<br \/>\n Von Hand angebrachte Marabuketten und Pompons. Puff\u00e4rmel aus Organzin mit B\u00e4ndern und Besatz. Weicher T\u00fcllrock und \u00dcberrock aus Organzin mit Besatz.<br \/>\n Aus Eisendraht geformter und mit Lycra \u00fcberzogener Schwanz mit einem Marabu-Pompon am Ende, der am Kost\u00fcm befestigt wird.   <\/p>\n","protected":false},"featured_media":322986,"template":"","meta":{"_acf_changed":false},"product_brand":[],"product_cat":[1632,1631],"product_tag":[],"class_list":{"0":"post-332566","1":"product","2":"type-product","3":"status-publish","4":"has-post-thumbnail","6":"product_cat-tutu-degas","7":"product_cat-kostumdesign","9":"first","10":"instock","11":"shipping-taxable","12":"product-type-variable"},"acf":[],"_links":{"self":[{"href":"https:\/\/www.letutudanza.it\/de\/wp-json\/wp\/v2\/product\/332566","targetHints":{"allow":["GET"]}}],"collection":[{"href":"https:\/\/www.letutudanza.it\/de\/wp-json\/wp\/v2\/product"}],"about":[{"href":"https:\/\/www.letutudanza.it\/de\/wp-json\/wp\/v2\/types\/product"}],"wp:featuredmedia":[{"embeddable":true,"href":"https:\/\/www.letutudanza.it\/de\/wp-json\/wp\/v2\/media\/322986"}],"wp:attachment":[{"href":"https:\/\/www.letutudanza.it\/de\/wp-json\/wp\/v2\/media?parent=332566"}],"wp:term":[{"taxonomy":"product_brand","embeddable":true,"href":"https:\/\/www.letutudanza.it\/de\/wp-json\/wp\/v2\/product_brand?post=332566"},{"taxonomy":"product_cat","embeddable":true,"href":"https:\/\/www.letutudanza.it\/de\/wp-json\/wp\/v2\/product_cat?post=332566"},{"taxonomy":"product_tag","embeddable":true,"href":"https:\/\/www.letutudanza.it\/de\/wp-json\/wp\/v2\/product_tag?post=332566"}],"curies":[{"name":"wp","href":"https:\/\/api.w.org\/{rel}","templated":true}]}}