{"id":332522,"date":"2021-06-29T09:37:10","date_gmt":"2021-06-29T07:37:10","guid":{"rendered":"https:\/\/letutudanza.it\/prodotto\/ballettroeckchen-tt-044"},"modified":"2025-09-24T14:57:39","modified_gmt":"2025-09-24T12:57:39","slug":"ballettroeckchen-tt-044","status":"publish","type":"product","link":"https:\/\/www.letutudanza.it\/de\/prodotto\/ballettroeckchen-tt-044","title":{"rendered":"Ballettr\u00f6ckchen TT 044"},"content":{"rendered":"<p>Tutu aus Lycra-Basis. Armlochmieder mit separatem, abgesetztem \u00c4rmel. Ovaler Bauchschnitt aus Lam\u00e8-Lycra. Tutulette aus 4 Lagen steifem cremefarbenem T\u00fcll und 1 Lage braunem steifem T\u00fcll. R\u00fcckenverschluss mit Tropfen und Schn\u00fcrsenkeln.<\/p>\n","protected":false},"excerpt":{"rendered":"<p>Neckholder-Body aus Lycra mit abgesetzten \u00c4rmeln. R\u00fcckenverschluss mit Schl\u00fcsselloch und Schn\u00fcrung.<br \/>\n Ovaler Bauchausschnitt aus Lam\u00e9-Lycra. Tutu aus 4 abwechselnden Lagen steifem T\u00fcll.  <\/p>\n","protected":false},"featured_media":322992,"template":"","meta":{"_acf_changed":false},"product_brand":[],"product_cat":[1632,1631],"product_tag":[],"class_list":{"0":"post-332522","1":"product","2":"type-product","3":"status-publish","4":"has-post-thumbnail","6":"product_cat-tutu-degas","7":"product_cat-kostumdesign","9":"first","10":"instock","11":"shipping-taxable","12":"product-type-variable"},"acf":[],"_links":{"self":[{"href":"https:\/\/www.letutudanza.it\/de\/wp-json\/wp\/v2\/product\/332522","targetHints":{"allow":["GET"]}}],"collection":[{"href":"https:\/\/www.letutudanza.it\/de\/wp-json\/wp\/v2\/product"}],"about":[{"href":"https:\/\/www.letutudanza.it\/de\/wp-json\/wp\/v2\/types\/product"}],"wp:featuredmedia":[{"embeddable":true,"href":"https:\/\/www.letutudanza.it\/de\/wp-json\/wp\/v2\/media\/322992"}],"wp:attachment":[{"href":"https:\/\/www.letutudanza.it\/de\/wp-json\/wp\/v2\/media?parent=332522"}],"wp:term":[{"taxonomy":"product_brand","embeddable":true,"href":"https:\/\/www.letutudanza.it\/de\/wp-json\/wp\/v2\/product_brand?post=332522"},{"taxonomy":"product_cat","embeddable":true,"href":"https:\/\/www.letutudanza.it\/de\/wp-json\/wp\/v2\/product_cat?post=332522"},{"taxonomy":"product_tag","embeddable":true,"href":"https:\/\/www.letutudanza.it\/de\/wp-json\/wp\/v2\/product_tag?post=332522"}],"curies":[{"name":"wp","href":"https:\/\/api.w.org\/{rel}","templated":true}]}}