{"id":332329,"date":"2021-06-29T09:26:21","date_gmt":"2021-06-29T07:26:21","guid":{"rendered":"https:\/\/letutudanza.it\/prodotto\/knieschoner-von-capezio"},"modified":"2026-01-30T13:42:04","modified_gmt":"2026-01-30T12:42:04","slug":"knieschoner-capezio","status":"publish","type":"product","link":"https:\/\/www.letutudanza.it\/de\/prodotto\/knieschoner-capezio","title":{"rendered":"Knieschoner von Capezio"},"content":{"rendered":"<p>Capezio Kniesch\u00fctzer, Modell mit Schaumstoffpolsterung auf der Vorderseite und Loch auf der R\u00fcckseite.<\/p>\n<p>Perfekt f\u00fcr Boden\u00fcbungen, da sie vor St\u00f6\u00dfen sch\u00fctzen.<\/p>\n<p id=\"wrapper-container\">Verf\u00fcgbare Farbe Schwarz<\/p>\n<p>Zusammensetzung: 100 % Polyester<\/p>\n","protected":false},"excerpt":{"rendered":"<p>Hergestellt mit Schaumstoffpolsterung auf der Vorderseite und einem Loch auf der R\u00fcckseite.<br \/>\n Ideal f\u00fcr Boden\u00fcbungen, da sie vor St\u00f6\u00dfen sch\u00fctzen.<\/p>\n<p id=\"wrapper-container\">Verf\u00fcgbare Farbe Schwarz<\/p>\n<p>Zusammensetzung: 100 % Polyester<\/p>\n","protected":false},"featured_media":472712,"template":"","meta":{"_acf_changed":false},"product_brand":[],"product_cat":[1449,1447],"product_tag":[],"class_list":{"0":"post-332329","1":"product","2":"type-product","3":"status-publish","4":"has-post-thumbnail","6":"product_cat-dehnen-und-trainieren","7":"product_cat-zubehor","8":"pa_brand-capezio-de","10":"first","11":"instock","12":"shipping-taxable","13":"purchasable","14":"product-type-variable"},"acf":[],"_links":{"self":[{"href":"https:\/\/www.letutudanza.it\/de\/wp-json\/wp\/v2\/product\/332329","targetHints":{"allow":["GET"]}}],"collection":[{"href":"https:\/\/www.letutudanza.it\/de\/wp-json\/wp\/v2\/product"}],"about":[{"href":"https:\/\/www.letutudanza.it\/de\/wp-json\/wp\/v2\/types\/product"}],"wp:featuredmedia":[{"embeddable":true,"href":"https:\/\/www.letutudanza.it\/de\/wp-json\/wp\/v2\/media\/472712"}],"wp:attachment":[{"href":"https:\/\/www.letutudanza.it\/de\/wp-json\/wp\/v2\/media?parent=332329"}],"wp:term":[{"taxonomy":"product_brand","embeddable":true,"href":"https:\/\/www.letutudanza.it\/de\/wp-json\/wp\/v2\/product_brand?post=332329"},{"taxonomy":"product_cat","embeddable":true,"href":"https:\/\/www.letutudanza.it\/de\/wp-json\/wp\/v2\/product_cat?post=332329"},{"taxonomy":"product_tag","embeddable":true,"href":"https:\/\/www.letutudanza.it\/de\/wp-json\/wp\/v2\/product_tag?post=332329"}],"curies":[{"name":"wp","href":"https:\/\/api.w.org\/{rel}","templated":true}]}}