{"id":332281,"date":"2021-06-29T04:36:25","date_gmt":"2021-06-29T02:36:25","guid":{"rendered":"https:\/\/letutudanza.it\/prodotto\/bloch-eurostretch-spitzenschuhe"},"modified":"2025-12-09T15:11:27","modified_gmt":"2025-12-09T14:11:27","slug":"bloch-eurostretch-spitzenschuhe","status":"publish","type":"product","link":"https:\/\/www.letutudanza.it\/de\/prodotto\/bloch-eurostretch-spitzenschuhe","title":{"rendered":"Bloch EuroStretch Spitzentanzschuhe"},"content":{"rendered":"<p>Verf\u00fcgbar im XX-Plan<\/p>\n","protected":false},"excerpt":{"rendered":"<p>Eurostretch-Spitzenschuhe erm\u00f6glichen dem Fu\u00df freie Bewegung und schaffen eine beispiellose Harmonie zwischen Fu\u00df und Schuh.<\/p>\n<ul>\n<li>Erstellt mit der patentierten Form, um perfekte Funktion und Unterst\u00fctzung zu bieten.<\/li>\n<li>Der exklusive Stretch-Satin, aus dem sie bestehen, schmiegt sich wie eine zweite Haut an den Fu\u00df<\/li>\n<li>Das geteilte Sohlendesign erm\u00f6glicht es Ihnen, Ihr Fu\u00dfgew\u00f6lbe maximal zu strecken und zusammenzuziehen, w\u00e4hrend Sie auf Ihren Zehen arbeiten, ohne die konische, bequeme Passform zu beeintr\u00e4chtigen, die<br \/>\n zeichnet diese Schuhe aus<\/li>\n<li>Hergestellt aus einer innovativen Paste namens &#8220;Pasta A&#8221;, die sich durch hervorragende Best\u00e4ndigkeit gegen Hitze und Feuchtigkeit auszeichnet<\/li>\n<li>Der Stand ist hoch und breit, um eine gleichm\u00e4\u00dfige Gewichtsverteilung beim Tanzen auf Spitze zu f\u00f6rdern.<\/li>\n<li>Niedriges Profil und elastischer Kordelzug<\/li>\n<li>Der Ledereinsatz im Inneren der Ferse sorgt f\u00fcr einen sicheren Sitz, indem er ein Herausrutschen des Fu\u00dfes verhindert<\/li>\n<li>Sie haben Baumwolleins\u00e4tze, die das N\u00e4hen von B\u00e4ndern und Gummib\u00e4ndern erleichtern<\/li>\n<\/ul>\n","protected":false},"featured_media":326052,"template":"","meta":{"_acf_changed":false},"product_brand":[],"product_cat":[2683,1617,1663],"product_tag":[],"class_list":{"0":"post-332281","1":"product","2":"type-product","3":"status-publish","4":"has-post-thumbnail","6":"product_cat-bloch-spitzenschuhe","7":"product_cat-schuhe","8":"product_cat-spitzenschuhe","9":"pa_brand-bloch-de","11":"first","12":"instock","13":"shipping-taxable","14":"purchasable","15":"product-type-variable"},"acf":[],"_links":{"self":[{"href":"https:\/\/www.letutudanza.it\/de\/wp-json\/wp\/v2\/product\/332281","targetHints":{"allow":["GET"]}}],"collection":[{"href":"https:\/\/www.letutudanza.it\/de\/wp-json\/wp\/v2\/product"}],"about":[{"href":"https:\/\/www.letutudanza.it\/de\/wp-json\/wp\/v2\/types\/product"}],"wp:featuredmedia":[{"embeddable":true,"href":"https:\/\/www.letutudanza.it\/de\/wp-json\/wp\/v2\/media\/326052"}],"wp:attachment":[{"href":"https:\/\/www.letutudanza.it\/de\/wp-json\/wp\/v2\/media?parent=332281"}],"wp:term":[{"taxonomy":"product_brand","embeddable":true,"href":"https:\/\/www.letutudanza.it\/de\/wp-json\/wp\/v2\/product_brand?post=332281"},{"taxonomy":"product_cat","embeddable":true,"href":"https:\/\/www.letutudanza.it\/de\/wp-json\/wp\/v2\/product_cat?post=332281"},{"taxonomy":"product_tag","embeddable":true,"href":"https:\/\/www.letutudanza.it\/de\/wp-json\/wp\/v2\/product_tag?post=332281"}],"curies":[{"name":"wp","href":"https:\/\/api.w.org\/{rel}","templated":true}]}}