{"id":332269,"date":"2021-06-29T03:40:54","date_gmt":"2021-06-29T01:40:54","guid":{"rendered":"https:\/\/letutudanza.it\/prodotto\/body-dafne-im-angebot"},"modified":"2025-09-22T10:46:05","modified_gmt":"2025-09-22T08:46:05","slug":"body-daphne-on-offerte","status":"publish","type":"product","link":"https:\/\/www.letutudanza.it\/de\/prodotto\/body-daphne-on-offerte","title":{"rendered":"Aquagr\u00fcner Tanzbody f\u00fcr M\u00e4dchen mit Rock"},"content":{"rendered":"<p>Body Rundhalsausschnitt mit halben \u00c4rmeln, am Body befestigter Rock mit seitlich angebrachter Schleife.<\/p>\n<p>Vorne gef\u00fcttert<\/p>\n","protected":false},"excerpt":{"rendered":"<p>Body mit Rundhalsausschnitt und halblangen \u00c4rmeln.<br \/>\n Am Body angesetzter Rock, seitlich gekreuzt und mit einer Schleife versehen.<\/p>\n<p>Aus Mikrofaser (Farbfoto) und vorne gef\u00fcttert. Einteilig erh\u00e4ltlich, Gr\u00f6\u00dfe 2-4 Jahre. <\/p>\n","protected":false},"featured_media":322810,"template":"","meta":{"_acf_changed":false},"product_brand":[],"product_cat":[1521,1451],"product_tag":[],"class_list":{"0":"post-332269","1":"product","2":"type-product","3":"status-publish","4":"has-post-thumbnail","6":"product_cat-auslasskorper","7":"product_cat-auslauf","8":"pa_brand-dl-tanzkleidung","10":"first","11":"instock","12":"sale","13":"shipping-taxable","14":"purchasable","15":"product-type-simple"},"acf":[],"_links":{"self":[{"href":"https:\/\/www.letutudanza.it\/de\/wp-json\/wp\/v2\/product\/332269","targetHints":{"allow":["GET"]}}],"collection":[{"href":"https:\/\/www.letutudanza.it\/de\/wp-json\/wp\/v2\/product"}],"about":[{"href":"https:\/\/www.letutudanza.it\/de\/wp-json\/wp\/v2\/types\/product"}],"wp:featuredmedia":[{"embeddable":true,"href":"https:\/\/www.letutudanza.it\/de\/wp-json\/wp\/v2\/media\/322810"}],"wp:attachment":[{"href":"https:\/\/www.letutudanza.it\/de\/wp-json\/wp\/v2\/media?parent=332269"}],"wp:term":[{"taxonomy":"product_brand","embeddable":true,"href":"https:\/\/www.letutudanza.it\/de\/wp-json\/wp\/v2\/product_brand?post=332269"},{"taxonomy":"product_cat","embeddable":true,"href":"https:\/\/www.letutudanza.it\/de\/wp-json\/wp\/v2\/product_cat?post=332269"},{"taxonomy":"product_tag","embeddable":true,"href":"https:\/\/www.letutudanza.it\/de\/wp-json\/wp\/v2\/product_tag?post=332269"}],"curies":[{"name":"wp","href":"https:\/\/api.w.org\/{rel}","templated":true}]}}