{"id":332065,"date":"2021-06-29T03:25:36","date_gmt":"2021-06-29T01:25:36","guid":{"rendered":"https:\/\/letutudanza.it\/prodotto\/pc043"},"modified":"2025-12-03T09:57:02","modified_gmt":"2025-12-03T08:57:02","slug":"cp-043","status":"publish","type":"product","link":"https:\/\/www.letutudanza.it\/de\/prodotto\/cp-043","title":{"rendered":"Kost\u00fcm CP 043"},"content":{"rendered":"<p>Kost\u00fcm aus bi-elastischer Spitze. Hergestellt mit langen \u00c4rmeln und Seitenschlitzen.<\/p>\n<p>NB Das Kost\u00fcm beinhaltet nicht den nackten K\u00f6rper.<\/p>\n","protected":false},"excerpt":{"rendered":"<p>Kleid aus bi-elastischer Spitze mit langen \u00c4rmeln und Seitenschlitzen.<\/p>\n<p> NB: Das Kost\u00fcm enth\u00e4lt nicht den hautfarbenen Bodysuit, wie auf dem Foto gezeigt.<\/p>\n","protected":false},"featured_media":322784,"template":"","meta":{"_acf_changed":false},"product_brand":[],"product_cat":[1643,1631],"product_tag":[],"class_list":{"0":"post-332065","1":"product","2":"type-product","3":"status-publish","4":"has-post-thumbnail","6":"product_cat-modern-zeitgenossisch","7":"product_cat-kostumdesign","9":"first","10":"instock","11":"shipping-taxable","12":"product-type-variable"},"acf":[],"_links":{"self":[{"href":"https:\/\/www.letutudanza.it\/de\/wp-json\/wp\/v2\/product\/332065","targetHints":{"allow":["GET"]}}],"collection":[{"href":"https:\/\/www.letutudanza.it\/de\/wp-json\/wp\/v2\/product"}],"about":[{"href":"https:\/\/www.letutudanza.it\/de\/wp-json\/wp\/v2\/types\/product"}],"wp:featuredmedia":[{"embeddable":true,"href":"https:\/\/www.letutudanza.it\/de\/wp-json\/wp\/v2\/media\/322784"}],"wp:attachment":[{"href":"https:\/\/www.letutudanza.it\/de\/wp-json\/wp\/v2\/media?parent=332065"}],"wp:term":[{"taxonomy":"product_brand","embeddable":true,"href":"https:\/\/www.letutudanza.it\/de\/wp-json\/wp\/v2\/product_brand?post=332065"},{"taxonomy":"product_cat","embeddable":true,"href":"https:\/\/www.letutudanza.it\/de\/wp-json\/wp\/v2\/product_cat?post=332065"},{"taxonomy":"product_tag","embeddable":true,"href":"https:\/\/www.letutudanza.it\/de\/wp-json\/wp\/v2\/product_tag?post=332065"}],"curies":[{"name":"wp","href":"https:\/\/api.w.org\/{rel}","templated":true}]}}