{"id":331966,"date":"2021-06-29T03:22:37","date_gmt":"2021-06-29T01:22:37","guid":{"rendered":"https:\/\/letutudanza.it\/prodotto\/anzug-md-098"},"modified":"2025-09-23T16:43:29","modified_gmt":"2025-09-23T14:43:29","slug":"anzug-md-098","status":"publish","type":"product","link":"https:\/\/www.letutudanza.it\/de\/prodotto\/anzug-md-098","title":{"rendered":"Anzug MD 098"},"content":{"rendered":"<p>Ideal f\u00fcr Charleston.<\/p>\n","protected":false},"excerpt":{"rendered":"<p>Kost\u00fcm mit verstellbaren Lycra-Tr\u00e4gern: Oberteil aus Pailletten mit Applikation aus 3 Fransenvolants, die auf einem Lycra-Einsatz auf Brusth\u00f6he montiert sind<\/p>\n","protected":false},"featured_media":322776,"template":"","meta":{"_acf_changed":false},"product_brand":[],"product_cat":[1643,1631],"product_tag":[],"class_list":{"0":"post-331966","1":"product","2":"type-product","3":"status-publish","4":"has-post-thumbnail","6":"product_cat-modern-zeitgenossisch","7":"product_cat-kostumdesign","9":"first","10":"instock","11":"shipping-taxable","12":"product-type-variable"},"acf":[],"_links":{"self":[{"href":"https:\/\/www.letutudanza.it\/de\/wp-json\/wp\/v2\/product\/331966","targetHints":{"allow":["GET"]}}],"collection":[{"href":"https:\/\/www.letutudanza.it\/de\/wp-json\/wp\/v2\/product"}],"about":[{"href":"https:\/\/www.letutudanza.it\/de\/wp-json\/wp\/v2\/types\/product"}],"wp:featuredmedia":[{"embeddable":true,"href":"https:\/\/www.letutudanza.it\/de\/wp-json\/wp\/v2\/media\/322776"}],"wp:attachment":[{"href":"https:\/\/www.letutudanza.it\/de\/wp-json\/wp\/v2\/media?parent=331966"}],"wp:term":[{"taxonomy":"product_brand","embeddable":true,"href":"https:\/\/www.letutudanza.it\/de\/wp-json\/wp\/v2\/product_brand?post=331966"},{"taxonomy":"product_cat","embeddable":true,"href":"https:\/\/www.letutudanza.it\/de\/wp-json\/wp\/v2\/product_cat?post=331966"},{"taxonomy":"product_tag","embeddable":true,"href":"https:\/\/www.letutudanza.it\/de\/wp-json\/wp\/v2\/product_tag?post=331966"}],"curies":[{"name":"wp","href":"https:\/\/api.w.org\/{rel}","templated":true}]}}