{"id":331964,"date":"2021-06-29T03:15:18","date_gmt":"2021-06-29T01:15:18","guid":{"rendered":"https:\/\/letutudanza.it\/prodotto\/kostuem-vs-254"},"modified":"2025-09-23T14:46:48","modified_gmt":"2025-09-23T12:46:48","slug":"kostuem-vs-254","status":"publish","type":"product","link":"https:\/\/www.letutudanza.it\/de\/prodotto\/kostuem-vs-254","title":{"rendered":"Kost\u00fcm VS 254"},"content":{"rendered":"<p>Badeanzug mit Brustausschnitt aus Lycra und Chiffon. Tr\u00e4gerloses Oberteil mit hautfarbenem Einsatz, Spitze am Ausschnitt und aufgesetzten Kanten mit Strahleneffekt am K\u00f6rper. Schleife zentral an der Brust angelegt. Doppelter Chiffonrock, einer geschlossen und einer offen. Separate Chiffon-Ballon\u00e4rmel mit Schleifenabschluss<\/p>\n","protected":false},"excerpt":{"rendered":"<p>Badeanzug mit Brustausschnitt aus Lycra und Chiffon. Spaghettitr\u00e4ger-Oberteil mit transparentem Einsatz, Spitze am Ausschnitt und applizierten Borten mit Strahleneffekt am K\u00f6rper.<br \/>\n Schleife in der Mitte der Brust. Doppelter Chiffonrock, einer geschlossen und einer offen. Chiffon-Puff\u00e4rmel, nicht am Kleid angebracht, mit einem Band abgeschlossen.  <\/p>\n","protected":false},"featured_media":322766,"template":"","meta":{"_acf_changed":false},"product_brand":[],"product_cat":[1641,1631],"product_tag":[],"class_list":{"0":"post-331964","1":"product","2":"type-product","3":"status-publish","4":"has-post-thumbnail","6":"product_cat-klassisch-charakter","7":"product_cat-kostumdesign","9":"first","10":"instock","11":"shipping-taxable","12":"product-type-variable"},"acf":[],"_links":{"self":[{"href":"https:\/\/www.letutudanza.it\/de\/wp-json\/wp\/v2\/product\/331964","targetHints":{"allow":["GET"]}}],"collection":[{"href":"https:\/\/www.letutudanza.it\/de\/wp-json\/wp\/v2\/product"}],"about":[{"href":"https:\/\/www.letutudanza.it\/de\/wp-json\/wp\/v2\/types\/product"}],"wp:featuredmedia":[{"embeddable":true,"href":"https:\/\/www.letutudanza.it\/de\/wp-json\/wp\/v2\/media\/322766"}],"wp:attachment":[{"href":"https:\/\/www.letutudanza.it\/de\/wp-json\/wp\/v2\/media?parent=331964"}],"wp:term":[{"taxonomy":"product_brand","embeddable":true,"href":"https:\/\/www.letutudanza.it\/de\/wp-json\/wp\/v2\/product_brand?post=331964"},{"taxonomy":"product_cat","embeddable":true,"href":"https:\/\/www.letutudanza.it\/de\/wp-json\/wp\/v2\/product_cat?post=331964"},{"taxonomy":"product_tag","embeddable":true,"href":"https:\/\/www.letutudanza.it\/de\/wp-json\/wp\/v2\/product_tag?post=331964"}],"curies":[{"name":"wp","href":"https:\/\/api.w.org\/{rel}","templated":true}]}}