{"id":331910,"date":"2021-06-29T03:13:55","date_gmt":"2021-06-29T01:13:55","guid":{"rendered":"https:\/\/letutudanza.it\/prodotto\/vs-251-kostuem"},"modified":"2025-09-23T14:41:10","modified_gmt":"2025-09-23T12:41:10","slug":"kostum-vs-251","status":"publish","type":"product","link":"https:\/\/www.letutudanza.it\/de\/prodotto\/kostum-vs-251","title":{"rendered":"VS 251 Kost\u00fcm"},"content":{"rendered":"<p>Kost\u00fcm aus Lycra-Basis. Mieder mit Rundhalsausschnitt, verziert mit Perlen, liebevoll plissierter Chiffon, Hemd mit Ballonhalb\u00e4rmeln, vollendet mit Spitze. Gekreuztes Korsett, vollendet mit doppelter Trinette und Spitze. Rock aus drei Lagen weichem cremefarbenem T\u00fcll mit 3 B\u00e4ndern und \u00dcberrock aus leichtem Stoff mit Trinette.<\/p>\n","protected":false},"excerpt":{"rendered":"<p>Rundhals-Oberteil mit Paspelierung. Plissierter Chiffon mit Puff\u00e4rmeln und Spitzenbesatz. \u00dcberkreuztes Oberteil mit Besatz und Spitze.<br \/>\n Rock aus drei Lagen weichem T\u00fcll, mit drei Bandumdrehungen versehen, und Georgette-\u00dcberrock mit Spitze. <\/p>\n","protected":false},"featured_media":322764,"template":"","meta":{"_acf_changed":false},"product_brand":[],"product_cat":[1641,1631],"product_tag":[],"class_list":{"0":"post-331910","1":"product","2":"type-product","3":"status-publish","4":"has-post-thumbnail","6":"product_cat-klassisch-charakter","7":"product_cat-kostumdesign","9":"first","10":"instock","11":"shipping-taxable","12":"product-type-variable"},"acf":[],"_links":{"self":[{"href":"https:\/\/www.letutudanza.it\/de\/wp-json\/wp\/v2\/product\/331910","targetHints":{"allow":["GET"]}}],"collection":[{"href":"https:\/\/www.letutudanza.it\/de\/wp-json\/wp\/v2\/product"}],"about":[{"href":"https:\/\/www.letutudanza.it\/de\/wp-json\/wp\/v2\/types\/product"}],"wp:featuredmedia":[{"embeddable":true,"href":"https:\/\/www.letutudanza.it\/de\/wp-json\/wp\/v2\/media\/322764"}],"wp:attachment":[{"href":"https:\/\/www.letutudanza.it\/de\/wp-json\/wp\/v2\/media?parent=331910"}],"wp:term":[{"taxonomy":"product_brand","embeddable":true,"href":"https:\/\/www.letutudanza.it\/de\/wp-json\/wp\/v2\/product_brand?post=331910"},{"taxonomy":"product_cat","embeddable":true,"href":"https:\/\/www.letutudanza.it\/de\/wp-json\/wp\/v2\/product_cat?post=331910"},{"taxonomy":"product_tag","embeddable":true,"href":"https:\/\/www.letutudanza.it\/de\/wp-json\/wp\/v2\/product_tag?post=331910"}],"curies":[{"name":"wp","href":"https:\/\/api.w.org\/{rel}","templated":true}]}}