{"id":331909,"date":"2021-06-29T03:19:33","date_gmt":"2021-06-29T01:19:33","guid":{"rendered":"https:\/\/letutudanza.it\/prodotto\/anzug-md-100"},"modified":"2025-09-23T16:46:11","modified_gmt":"2025-09-23T14:46:11","slug":"anzug-md-100","status":"publish","type":"product","link":"https:\/\/www.letutudanza.it\/de\/prodotto\/anzug-md-100","title":{"rendered":"Anzug MD 100"},"content":{"rendered":"<p>Kost\u00fcm aus Pailletten und Fransen. V-Ausschnitt mit Brustausschnitt, mit paillettenbesetzter Lycra-Basis, verstellbare Tr\u00e4ger. Lycra-Einsatz mit 3 15 cm langen Fransenb\u00e4ndern.<\/p>\n<p>Ideal f\u00fcr Charleston.<\/p>\n","protected":false},"excerpt":{"rendered":"<p>Lycra-Kleid: Bodysuit mit breitem Spitzeneinsatz und einem falschen Korsett mit Kn\u00f6pfen. 3\/4-\u00c4rmel mit R\u00fcschen.<br \/>\n Doppelter T\u00fcllrock mit Spitze und offener Lycra-Body <\/p>\n","protected":false},"featured_media":322772,"template":"","meta":{"_acf_changed":false},"product_brand":[],"product_cat":[1643,1631],"product_tag":[],"class_list":{"0":"post-331909","1":"product","2":"type-product","3":"status-publish","4":"has-post-thumbnail","6":"product_cat-modern-zeitgenossisch","7":"product_cat-kostumdesign","9":"first","10":"instock","11":"shipping-taxable","12":"product-type-variable"},"acf":[],"_links":{"self":[{"href":"https:\/\/www.letutudanza.it\/de\/wp-json\/wp\/v2\/product\/331909","targetHints":{"allow":["GET"]}}],"collection":[{"href":"https:\/\/www.letutudanza.it\/de\/wp-json\/wp\/v2\/product"}],"about":[{"href":"https:\/\/www.letutudanza.it\/de\/wp-json\/wp\/v2\/types\/product"}],"wp:featuredmedia":[{"embeddable":true,"href":"https:\/\/www.letutudanza.it\/de\/wp-json\/wp\/v2\/media\/322772"}],"wp:attachment":[{"href":"https:\/\/www.letutudanza.it\/de\/wp-json\/wp\/v2\/media?parent=331909"}],"wp:term":[{"taxonomy":"product_brand","embeddable":true,"href":"https:\/\/www.letutudanza.it\/de\/wp-json\/wp\/v2\/product_brand?post=331909"},{"taxonomy":"product_cat","embeddable":true,"href":"https:\/\/www.letutudanza.it\/de\/wp-json\/wp\/v2\/product_cat?post=331909"},{"taxonomy":"product_tag","embeddable":true,"href":"https:\/\/www.letutudanza.it\/de\/wp-json\/wp\/v2\/product_tag?post=331909"}],"curies":[{"name":"wp","href":"https:\/\/api.w.org\/{rel}","templated":true}]}}