{"id":331845,"date":"2021-06-29T03:12:36","date_gmt":"2021-06-29T01:12:36","guid":{"rendered":"https:\/\/letutudanza.it\/prodotto\/kostuem-vs-246"},"modified":"2025-12-03T16:53:40","modified_gmt":"2025-12-03T15:53:40","slug":"kostum-vs-246","status":"publish","type":"product","link":"https:\/\/www.letutudanza.it\/de\/prodotto\/kostum-vs-246","title":{"rendered":"Kost\u00fcm VS 246"},"content":{"rendered":"<p>Badeanzug aus Lycra. Mieder mit Rundhalsausschnitt, mit Schn\u00fcreinsatz und vollendet mit Spitze und Kn\u00f6pfen. W\u00e4sche\u00e4rmel aus Chiffon, mit Spitze und B\u00e4ndern veredelt. Rock aus 2 Lagen weichem T\u00fcll und \u00dcberrock aus leichtem Stoff mit Schleife. An den Seiten verstellbarer \u00dcberrock und Sch\u00fcrze mit Taschen, fertig mit B\u00e4ndern und Taschen.<\/p>\n","protected":false},"excerpt":{"rendered":"<p>Lycra-Mieder mit rundem Ausschnitt, Schn\u00fcreinsatz mit Spitze und Kn\u00f6pfen.<br \/>\n W\u00e4scherinnen\u00e4rmel aus Chiffon, mit Spitze und B\u00e4ndern verziert.<br \/>\n Rock aus leichtem Stoff mit Schleife, \u00dcberrock aus Lycra, Satinsch\u00fcrze mit Taschen und Kontrastn\u00e4hten und 2 Lagen weicher T\u00fcll unter dem Kleid f\u00fcr mehr Volumen.<\/p>\n","protected":false},"featured_media":322762,"template":"","meta":{"_acf_changed":false},"product_brand":[],"product_cat":[1641,1631],"product_tag":[],"class_list":{"0":"post-331845","1":"product","2":"type-product","3":"status-publish","4":"has-post-thumbnail","6":"product_cat-klassisch-charakter","7":"product_cat-kostumdesign","9":"first","10":"instock","11":"shipping-taxable","12":"product-type-variable"},"acf":[],"_links":{"self":[{"href":"https:\/\/www.letutudanza.it\/de\/wp-json\/wp\/v2\/product\/331845","targetHints":{"allow":["GET"]}}],"collection":[{"href":"https:\/\/www.letutudanza.it\/de\/wp-json\/wp\/v2\/product"}],"about":[{"href":"https:\/\/www.letutudanza.it\/de\/wp-json\/wp\/v2\/types\/product"}],"wp:featuredmedia":[{"embeddable":true,"href":"https:\/\/www.letutudanza.it\/de\/wp-json\/wp\/v2\/media\/322762"}],"wp:attachment":[{"href":"https:\/\/www.letutudanza.it\/de\/wp-json\/wp\/v2\/media?parent=331845"}],"wp:term":[{"taxonomy":"product_brand","embeddable":true,"href":"https:\/\/www.letutudanza.it\/de\/wp-json\/wp\/v2\/product_brand?post=331845"},{"taxonomy":"product_cat","embeddable":true,"href":"https:\/\/www.letutudanza.it\/de\/wp-json\/wp\/v2\/product_cat?post=331845"},{"taxonomy":"product_tag","embeddable":true,"href":"https:\/\/www.letutudanza.it\/de\/wp-json\/wp\/v2\/product_tag?post=331845"}],"curies":[{"name":"wp","href":"https:\/\/api.w.org\/{rel}","templated":true}]}}