{"id":331844,"date":"2021-06-29T03:04:55","date_gmt":"2021-06-29T01:04:55","guid":{"rendered":"https:\/\/letutudanza.it\/prodotto\/vs-kostuem-038"},"modified":"2025-09-22T21:29:25","modified_gmt":"2025-09-22T19:29:25","slug":"kostum-vs-038","status":"publish","type":"product","link":"https:\/\/www.letutudanza.it\/de\/prodotto\/kostum-vs-038","title":{"rendered":"VS-Kost\u00fcm 038"},"content":{"rendered":"<p>Klassisches Tanzkost\u00fcm aus Chiffon. Tunika aus weichem Chiffon, an den Seiten offen, mit goldfarbenem Lam\u00e8-G\u00fcrtel, der an der Tunika angebracht ist.<\/p>\n","protected":false},"excerpt":{"rendered":"<p>2-teiliges Kost\u00fcm: seitlich offene Tunika aus Chiffon mit goldenem G\u00fcrtel und lang\u00e4rmliger Body mit tiefem Ausschnitt aus hautfarbenem Lycra.<\/p>\n","protected":false},"featured_media":322738,"template":"","meta":{"_acf_changed":false},"product_brand":[],"product_cat":[1641,1631],"product_tag":[],"class_list":{"0":"post-331844","1":"product","2":"type-product","3":"status-publish","4":"has-post-thumbnail","6":"product_cat-klassisch-charakter","7":"product_cat-kostumdesign","9":"first","10":"instock","11":"shipping-taxable","12":"product-type-variable"},"acf":[],"_links":{"self":[{"href":"https:\/\/www.letutudanza.it\/de\/wp-json\/wp\/v2\/product\/331844","targetHints":{"allow":["GET"]}}],"collection":[{"href":"https:\/\/www.letutudanza.it\/de\/wp-json\/wp\/v2\/product"}],"about":[{"href":"https:\/\/www.letutudanza.it\/de\/wp-json\/wp\/v2\/types\/product"}],"wp:featuredmedia":[{"embeddable":true,"href":"https:\/\/www.letutudanza.it\/de\/wp-json\/wp\/v2\/media\/322738"}],"wp:attachment":[{"href":"https:\/\/www.letutudanza.it\/de\/wp-json\/wp\/v2\/media?parent=331844"}],"wp:term":[{"taxonomy":"product_brand","embeddable":true,"href":"https:\/\/www.letutudanza.it\/de\/wp-json\/wp\/v2\/product_brand?post=331844"},{"taxonomy":"product_cat","embeddable":true,"href":"https:\/\/www.letutudanza.it\/de\/wp-json\/wp\/v2\/product_cat?post=331844"},{"taxonomy":"product_tag","embeddable":true,"href":"https:\/\/www.letutudanza.it\/de\/wp-json\/wp\/v2\/product_tag?post=331844"}],"curies":[{"name":"wp","href":"https:\/\/api.w.org\/{rel}","templated":true}]}}