{"id":331812,"date":"2021-06-29T03:10:04","date_gmt":"2021-06-29T01:10:04","guid":{"rendered":"https:\/\/letutudanza.it\/prodotto\/kostuem-vs-259"},"modified":"2025-12-09T17:48:38","modified_gmt":"2025-12-09T16:48:38","slug":"kostuem-vs-259","status":"publish","type":"product","link":"https:\/\/www.letutudanza.it\/de\/prodotto\/kostuem-vs-259","title":{"rendered":"Kost\u00fcm VS 259"},"content":{"rendered":"<p>Badeanzug aus Lycra. Dreifarbiges Mieder mit Schnitten und Pailletten, gerafften Tr\u00e4gern mit Schleifen und R\u00fcschen. Weiter Rock mit gerafften T\u00fcllvolants innen und au\u00dfen. Rock mit Applikationen aus Paillettenb\u00e4ndern und Schleifen. Lycra-Kragen mit paillettenbesetzter Fliege.<\/p>\n","protected":false},"excerpt":{"rendered":"<p>Das dreifarbige Oberteil ist mit Cut-outs und Pailletten verziert, die Schultertr\u00e4ger sind mit B\u00e4ndern und R\u00fcschen gerafft.<br \/>\n Ausgestellter Rock mit 3 gerafften T\u00fcllr\u00fcschen innen und einer au\u00dfen.<br \/>\n Anwendungsm\u00f6glichkeiten f\u00fcr Paillettenb\u00e4nder und Schleifen.<br \/>\n Lycra-Kragen mit Paillettenfliege.<\/p>\n","protected":false},"featured_media":322756,"template":"","meta":{"_acf_changed":false},"product_brand":[],"product_cat":[1641,1631],"product_tag":[],"class_list":{"0":"post-331812","1":"product","2":"type-product","3":"status-publish","4":"has-post-thumbnail","6":"product_cat-klassisch-charakter","7":"product_cat-kostumdesign","8":"pa_brand-dl-tanzkleidung","10":"first","11":"instock","12":"shipping-taxable","13":"product-type-variable"},"acf":[],"_links":{"self":[{"href":"https:\/\/www.letutudanza.it\/de\/wp-json\/wp\/v2\/product\/331812","targetHints":{"allow":["GET"]}}],"collection":[{"href":"https:\/\/www.letutudanza.it\/de\/wp-json\/wp\/v2\/product"}],"about":[{"href":"https:\/\/www.letutudanza.it\/de\/wp-json\/wp\/v2\/types\/product"}],"wp:featuredmedia":[{"embeddable":true,"href":"https:\/\/www.letutudanza.it\/de\/wp-json\/wp\/v2\/media\/322756"}],"wp:attachment":[{"href":"https:\/\/www.letutudanza.it\/de\/wp-json\/wp\/v2\/media?parent=331812"}],"wp:term":[{"taxonomy":"product_brand","embeddable":true,"href":"https:\/\/www.letutudanza.it\/de\/wp-json\/wp\/v2\/product_brand?post=331812"},{"taxonomy":"product_cat","embeddable":true,"href":"https:\/\/www.letutudanza.it\/de\/wp-json\/wp\/v2\/product_cat?post=331812"},{"taxonomy":"product_tag","embeddable":true,"href":"https:\/\/www.letutudanza.it\/de\/wp-json\/wp\/v2\/product_tag?post=331812"}],"curies":[{"name":"wp","href":"https:\/\/api.w.org\/{rel}","templated":true}]}}