{"id":331746,"date":"2021-06-29T03:07:46","date_gmt":"2021-06-29T01:07:46","guid":{"rendered":"https:\/\/letutudanza.it\/prodotto\/vs-kostuem-012"},"modified":"2025-09-22T12:46:14","modified_gmt":"2025-09-22T10:46:14","slug":"kostum-vs-012","status":"publish","type":"product","link":"https:\/\/www.letutudanza.it\/de\/prodotto\/kostum-vs-012","title":{"rendered":"VS-Kost\u00fcm 012"},"content":{"rendered":"<p>Badeanzug aus Lycra. Mieder mit Rundhalsausschnitt, gearbeitetem Einsatz und Spitzenvolants. Rock aus 2 Lagen weichem T\u00fcll mit Spitze und Lycra-\u00dcberrock ebenfalls mit Spitze. Drop mit Schn\u00fcrsenkeln auf der R\u00fcckseite.<\/p>\n","protected":false},"excerpt":{"rendered":"<p>Badeanzug aus Lycra. Oberteil mit Rundhalsausschnitt und gro\u00dfem, gearbeitetem Einsatz und Spitzenvolants. Rock aus 2 Lagen weichem T\u00fcll mit Spitze und Lycra-\u00dcberrock ebenfalls mit Spitze. Drop mit Schn\u00fcrsenkeln auf der R\u00fcckseite.<\/p>\n","protected":false},"featured_media":322744,"template":"","meta":{"_acf_changed":false},"product_brand":[],"product_cat":[1641,1631],"product_tag":[],"class_list":{"0":"post-331746","1":"product","2":"type-product","3":"status-publish","4":"has-post-thumbnail","6":"product_cat-klassisch-charakter","7":"product_cat-kostumdesign","9":"first","10":"instock","11":"shipping-taxable","12":"product-type-variable"},"acf":[],"_links":{"self":[{"href":"https:\/\/www.letutudanza.it\/de\/wp-json\/wp\/v2\/product\/331746","targetHints":{"allow":["GET"]}}],"collection":[{"href":"https:\/\/www.letutudanza.it\/de\/wp-json\/wp\/v2\/product"}],"about":[{"href":"https:\/\/www.letutudanza.it\/de\/wp-json\/wp\/v2\/types\/product"}],"wp:featuredmedia":[{"embeddable":true,"href":"https:\/\/www.letutudanza.it\/de\/wp-json\/wp\/v2\/media\/322744"}],"wp:attachment":[{"href":"https:\/\/www.letutudanza.it\/de\/wp-json\/wp\/v2\/media?parent=331746"}],"wp:term":[{"taxonomy":"product_brand","embeddable":true,"href":"https:\/\/www.letutudanza.it\/de\/wp-json\/wp\/v2\/product_brand?post=331746"},{"taxonomy":"product_cat","embeddable":true,"href":"https:\/\/www.letutudanza.it\/de\/wp-json\/wp\/v2\/product_cat?post=331746"},{"taxonomy":"product_tag","embeddable":true,"href":"https:\/\/www.letutudanza.it\/de\/wp-json\/wp\/v2\/product_tag?post=331746"}],"curies":[{"name":"wp","href":"https:\/\/api.w.org\/{rel}","templated":true}]}}