{"id":331745,"date":"2021-06-29T02:58:58","date_gmt":"2021-06-29T00:58:58","guid":{"rendered":"https:\/\/letutudanza.it\/prodotto\/kostuem-vs-186"},"modified":"2025-09-22T22:21:43","modified_gmt":"2025-09-22T20:21:43","slug":"kostum-gegen-186","status":"publish","type":"product","link":"https:\/\/www.letutudanza.it\/de\/prodotto\/kostum-gegen-186","title":{"rendered":"Kost\u00fcm VS 186"},"content":{"rendered":"<p>Badeanzug aus Lycra. Mieder mit herzf\u00f6rmigem Ausschnitt, vollendet mit wei\u00dfen Applikationen am Ausschnitt und entlang des Ausschnitts. Breite Hosentr\u00e4ger. Rock aus T\u00fcll mit Satinkante.<\/p>\n","protected":false},"excerpt":{"rendered":"<p>Oberteil mit herzf\u00f6rmigem Ausschnitt, Revers am Ausschnitt und kontrastfarbenem Besatz entlang des K\u00f6rpers.<br \/>\n Breite Tr\u00e4ger und Rock aus T\u00fcll mit Satinbesatz.<\/p>\n","protected":false},"featured_media":322728,"template":"","meta":{"_acf_changed":false},"product_brand":[],"product_cat":[1641,1631],"product_tag":[],"class_list":{"0":"post-331745","1":"product","2":"type-product","3":"status-publish","4":"has-post-thumbnail","6":"product_cat-klassisch-charakter","7":"product_cat-kostumdesign","9":"first","10":"instock","11":"shipping-taxable","12":"product-type-variable"},"acf":[],"_links":{"self":[{"href":"https:\/\/www.letutudanza.it\/de\/wp-json\/wp\/v2\/product\/331745","targetHints":{"allow":["GET"]}}],"collection":[{"href":"https:\/\/www.letutudanza.it\/de\/wp-json\/wp\/v2\/product"}],"about":[{"href":"https:\/\/www.letutudanza.it\/de\/wp-json\/wp\/v2\/types\/product"}],"wp:featuredmedia":[{"embeddable":true,"href":"https:\/\/www.letutudanza.it\/de\/wp-json\/wp\/v2\/media\/322728"}],"wp:attachment":[{"href":"https:\/\/www.letutudanza.it\/de\/wp-json\/wp\/v2\/media?parent=331745"}],"wp:term":[{"taxonomy":"product_brand","embeddable":true,"href":"https:\/\/www.letutudanza.it\/de\/wp-json\/wp\/v2\/product_brand?post=331745"},{"taxonomy":"product_cat","embeddable":true,"href":"https:\/\/www.letutudanza.it\/de\/wp-json\/wp\/v2\/product_cat?post=331745"},{"taxonomy":"product_tag","embeddable":true,"href":"https:\/\/www.letutudanza.it\/de\/wp-json\/wp\/v2\/product_tag?post=331745"}],"curies":[{"name":"wp","href":"https:\/\/api.w.org\/{rel}","templated":true}]}}