{"id":331677,"date":"2021-06-29T03:01:18","date_gmt":"2021-06-29T01:01:18","guid":{"rendered":"https:\/\/letutudanza.it\/prodotto\/kostuem-vs-193"},"modified":"2025-09-22T22:28:28","modified_gmt":"2025-09-22T20:28:28","slug":"kostum-vs-193","status":"publish","type":"product","link":"https:\/\/www.letutudanza.it\/de\/prodotto\/kostum-vs-193","title":{"rendered":"Kost\u00fcm VS 193"},"content":{"rendered":"<p>Klassisches Tanzkost\u00fcm aus Lycra. Mieder im angedeuteten Sakko-Schnitt, komplett aus Spitze und Schleife in der Taille. Dreiviertel\u00e4rmel mit Lycra und Spitzenr\u00fcschen. Spitzenr\u00fcsche um den Ausschnitt. Rock aus 2 Lagen weichem T\u00fcll mit Spitze und offenem Lycra-\u00dcberrock, ebenfalls mit Spitze und Trinette.<\/p>\n","protected":false},"excerpt":{"rendered":"<p>Lycra-Mieder im Jackenschnitt-Look, komplett mit Spitze veredelt, Spitzenr\u00fcsche um den Ausschnitt und Schleifen-Applikation an der Taille.<br \/>\n Dreiviertel\u00e4rmel mit doppelter R\u00fcsche aus Lycra und Spitze. Rock aus 2 Lagen weichem T\u00fcll mit Spitze und offenem Lycra-\u00dcberrock, ebenfalls mit Spitze und Trinette.<\/p>\n","protected":false},"featured_media":322732,"template":"","meta":{"_acf_changed":false},"product_brand":[],"product_cat":[1641,1631],"product_tag":[],"class_list":{"0":"post-331677","1":"product","2":"type-product","3":"status-publish","4":"has-post-thumbnail","6":"product_cat-klassisch-charakter","7":"product_cat-kostumdesign","9":"first","10":"instock","11":"shipping-taxable","12":"product-type-variable"},"acf":[],"_links":{"self":[{"href":"https:\/\/www.letutudanza.it\/de\/wp-json\/wp\/v2\/product\/331677","targetHints":{"allow":["GET"]}}],"collection":[{"href":"https:\/\/www.letutudanza.it\/de\/wp-json\/wp\/v2\/product"}],"about":[{"href":"https:\/\/www.letutudanza.it\/de\/wp-json\/wp\/v2\/types\/product"}],"wp:featuredmedia":[{"embeddable":true,"href":"https:\/\/www.letutudanza.it\/de\/wp-json\/wp\/v2\/media\/322732"}],"wp:attachment":[{"href":"https:\/\/www.letutudanza.it\/de\/wp-json\/wp\/v2\/media?parent=331677"}],"wp:term":[{"taxonomy":"product_brand","embeddable":true,"href":"https:\/\/www.letutudanza.it\/de\/wp-json\/wp\/v2\/product_brand?post=331677"},{"taxonomy":"product_cat","embeddable":true,"href":"https:\/\/www.letutudanza.it\/de\/wp-json\/wp\/v2\/product_cat?post=331677"},{"taxonomy":"product_tag","embeddable":true,"href":"https:\/\/www.letutudanza.it\/de\/wp-json\/wp\/v2\/product_tag?post=331677"}],"curies":[{"name":"wp","href":"https:\/\/api.w.org\/{rel}","templated":true}]}}