{"id":331620,"date":"2021-06-29T02:51:23","date_gmt":"2021-06-29T00:51:23","guid":{"rendered":"https:\/\/letutudanza.it\/prodotto\/vs-kostuem-021"},"modified":"2025-12-03T16:40:01","modified_gmt":"2025-12-03T15:40:01","slug":"kostum-vs-021","status":"publish","type":"product","link":"https:\/\/www.letutudanza.it\/de\/prodotto\/kostum-vs-021","title":{"rendered":"VS-Kost\u00fcm 021"},"content":{"rendered":"<p>Ideal f\u00fcr Repertoireballette wie \u201eL\u2019Excelsior\u201c<\/p>\n","protected":false},"excerpt":{"rendered":"<p>Zweiteiliges Kost\u00fcm: Tunika im Kadettenstil aus Lycra mit goldbesetzten Schultertr\u00e4gern und handgen\u00e4hten Kn\u00f6pfen an der Tunika. Degas-Rock aus weichem T\u00fcll und drapierter Chiffon-\u00dcberrock mit goldenen Fransen. <\/p>\n<p>&nbsp;<\/p>\n","protected":false},"featured_media":322708,"template":"","meta":{"_acf_changed":false},"product_brand":[],"product_cat":[1641,1631],"product_tag":[],"class_list":{"0":"post-331620","1":"product","2":"type-product","3":"status-publish","4":"has-post-thumbnail","6":"product_cat-klassisch-charakter","7":"product_cat-kostumdesign","9":"first","10":"instock","11":"shipping-taxable","12":"product-type-variable"},"acf":[],"_links":{"self":[{"href":"https:\/\/www.letutudanza.it\/de\/wp-json\/wp\/v2\/product\/331620","targetHints":{"allow":["GET"]}}],"collection":[{"href":"https:\/\/www.letutudanza.it\/de\/wp-json\/wp\/v2\/product"}],"about":[{"href":"https:\/\/www.letutudanza.it\/de\/wp-json\/wp\/v2\/types\/product"}],"wp:featuredmedia":[{"embeddable":true,"href":"https:\/\/www.letutudanza.it\/de\/wp-json\/wp\/v2\/media\/322708"}],"wp:attachment":[{"href":"https:\/\/www.letutudanza.it\/de\/wp-json\/wp\/v2\/media?parent=331620"}],"wp:term":[{"taxonomy":"product_brand","embeddable":true,"href":"https:\/\/www.letutudanza.it\/de\/wp-json\/wp\/v2\/product_brand?post=331620"},{"taxonomy":"product_cat","embeddable":true,"href":"https:\/\/www.letutudanza.it\/de\/wp-json\/wp\/v2\/product_cat?post=331620"},{"taxonomy":"product_tag","embeddable":true,"href":"https:\/\/www.letutudanza.it\/de\/wp-json\/wp\/v2\/product_tag?post=331620"}],"curies":[{"name":"wp","href":"https:\/\/api.w.org\/{rel}","templated":true}]}}