{"id":331600,"date":"2021-06-29T02:56:11","date_gmt":"2021-06-29T00:56:11","guid":{"rendered":"https:\/\/letutudanza.it\/prodotto\/vs-kostuem-077"},"modified":"2025-12-03T16:45:18","modified_gmt":"2025-12-03T15:45:18","slug":"kostum-vs-077","status":"publish","type":"product","link":"https:\/\/www.letutudanza.it\/de\/prodotto\/kostum-vs-077","title":{"rendered":"VS-Kost\u00fcm 077"},"content":{"rendered":"<p>Klassisches Tanzkost\u00fcm aus Lycra. Angesetzter Kragen und Abschluss mit Spitze, am Badeanzug angebrachter Lycra-G\u00fcrtel. Puff\u00e4rmel aus leichtem Stoff, fertig mit Band und Spitze. Rock aus zwei Volants aus leichtem Stoff mit Spitze<\/p>\n","protected":false},"excerpt":{"rendered":"<p>Rundhals-Body aus Lycra, Satinkragen mit Spitzenbesatz und angen\u00e4htem Lycra-G\u00fcrtel. Puff\u00e4rmel aus leichtem Stoff mit Zierband und Spitze.<br \/>\n Rock aus zwei Volants aus leichtem Stoff, verziert mit Spitze <\/p>\n","protected":false},"featured_media":322722,"template":"","meta":{"_acf_changed":false},"product_brand":[],"product_cat":[1641,1631],"product_tag":[],"class_list":{"0":"post-331600","1":"product","2":"type-product","3":"status-publish","4":"has-post-thumbnail","6":"product_cat-klassisch-charakter","7":"product_cat-kostumdesign","9":"first","10":"instock","11":"shipping-taxable","12":"product-type-variable"},"acf":[],"_links":{"self":[{"href":"https:\/\/www.letutudanza.it\/de\/wp-json\/wp\/v2\/product\/331600","targetHints":{"allow":["GET"]}}],"collection":[{"href":"https:\/\/www.letutudanza.it\/de\/wp-json\/wp\/v2\/product"}],"about":[{"href":"https:\/\/www.letutudanza.it\/de\/wp-json\/wp\/v2\/types\/product"}],"wp:featuredmedia":[{"embeddable":true,"href":"https:\/\/www.letutudanza.it\/de\/wp-json\/wp\/v2\/media\/322722"}],"wp:attachment":[{"href":"https:\/\/www.letutudanza.it\/de\/wp-json\/wp\/v2\/media?parent=331600"}],"wp:term":[{"taxonomy":"product_brand","embeddable":true,"href":"https:\/\/www.letutudanza.it\/de\/wp-json\/wp\/v2\/product_brand?post=331600"},{"taxonomy":"product_cat","embeddable":true,"href":"https:\/\/www.letutudanza.it\/de\/wp-json\/wp\/v2\/product_cat?post=331600"},{"taxonomy":"product_tag","embeddable":true,"href":"https:\/\/www.letutudanza.it\/de\/wp-json\/wp\/v2\/product_tag?post=331600"}],"curies":[{"name":"wp","href":"https:\/\/api.w.org\/{rel}","templated":true}]}}