{"id":331591,"date":"2021-06-29T03:00:11","date_gmt":"2021-06-29T01:00:11","guid":{"rendered":"https:\/\/letutudanza.it\/prodotto\/kostuem-vs-194"},"modified":"2025-09-22T22:30:23","modified_gmt":"2025-09-22T20:30:23","slug":"kostum-vs-194","status":"publish","type":"product","link":"https:\/\/www.letutudanza.it\/de\/prodotto\/kostum-vs-194","title":{"rendered":"Kost\u00fcm VS 194"},"content":{"rendered":"<p>Klassisches Tanzkost\u00fcm aus Lycra. Mieder im angedeuteten Sakko-Schnitt, komplett aus Spitze und Schleife in der Taille. Dreiviertel\u00e4rmel mit Lycra und Spitzenr\u00fcschen. Rock aus 2 Lagen weichem T\u00fcll mit Spitze und offenem Lycra-\u00dcberrock, ebenfalls mit Spitze und Trinette. Slips aus Satin mit B\u00e4ndern und Spitze.<\/p>\n","protected":false},"excerpt":{"rendered":"<p>Mieder aus Lycra mit einem Jacken-\u00e4hnlichen Schnitt, komplett mit Spitze veredelt.<br \/>\n Dreiviertel\u00e4rmel mit doppelter R\u00fcsche aus Lycra und Spitze. Rock aus 2 Lagen weichem T\u00fcll mit Spitze und offenem Lycra-\u00dcberrock, ebenfalls mit Spitze und Trinette. Fischerhut aus gepufftem Satin mit Spitze<\/p>\n","protected":false},"featured_media":322730,"template":"","meta":{"_acf_changed":false},"product_brand":[],"product_cat":[1641,1631],"product_tag":[],"class_list":{"0":"post-331591","1":"product","2":"type-product","3":"status-publish","4":"has-post-thumbnail","6":"product_cat-klassisch-charakter","7":"product_cat-kostumdesign","9":"first","10":"instock","11":"shipping-taxable","12":"product-type-variable"},"acf":[],"_links":{"self":[{"href":"https:\/\/www.letutudanza.it\/de\/wp-json\/wp\/v2\/product\/331591","targetHints":{"allow":["GET"]}}],"collection":[{"href":"https:\/\/www.letutudanza.it\/de\/wp-json\/wp\/v2\/product"}],"about":[{"href":"https:\/\/www.letutudanza.it\/de\/wp-json\/wp\/v2\/types\/product"}],"wp:featuredmedia":[{"embeddable":true,"href":"https:\/\/www.letutudanza.it\/de\/wp-json\/wp\/v2\/media\/322730"}],"wp:attachment":[{"href":"https:\/\/www.letutudanza.it\/de\/wp-json\/wp\/v2\/media?parent=331591"}],"wp:term":[{"taxonomy":"product_brand","embeddable":true,"href":"https:\/\/www.letutudanza.it\/de\/wp-json\/wp\/v2\/product_brand?post=331591"},{"taxonomy":"product_cat","embeddable":true,"href":"https:\/\/www.letutudanza.it\/de\/wp-json\/wp\/v2\/product_cat?post=331591"},{"taxonomy":"product_tag","embeddable":true,"href":"https:\/\/www.letutudanza.it\/de\/wp-json\/wp\/v2\/product_tag?post=331591"}],"curies":[{"name":"wp","href":"https:\/\/api.w.org\/{rel}","templated":true}]}}