{"id":331559,"date":"2021-06-29T02:49:57","date_gmt":"2021-06-29T00:49:57","guid":{"rendered":"https:\/\/letutudanza.it\/prodotto\/vs-255-kostuem"},"modified":"2025-09-23T14:48:44","modified_gmt":"2025-09-23T12:48:44","slug":"vs-255-kostuem","status":"publish","type":"product","link":"https:\/\/www.letutudanza.it\/de\/prodotto\/vs-255-kostuem","title":{"rendered":"VS 255 Kost\u00fcm"},"content":{"rendered":"<p>Ma\u00dfanzug. Mieder aus Samt und Ausschnitt mit Spitzenvolant. Nackte Hosentr\u00e4ger. Weiter Rock mit asymmetrischem Schnitt aus weichem T\u00fcll mit R\u00fcschen aus steifer Spitze und Taft-\u00dcberrock mit asymmetrischem Schnitt und vollst\u00e4ndig mit Spitze abgeschlossen.<\/p>\n","protected":false},"excerpt":{"rendered":"<p>Mieder aus Samt und Ausschnitt mit Spitzenvolant. Hautfarbene Hosentr\u00e4ger.<br \/>\n Asymmetrischer Tellerrock aus weichem T\u00fcll mit steifen Spitzenvolants und asymmetrischem Taft\u00fcberrock, der vollst\u00e4ndig mit Spitze versehen ist.<\/p>\n","protected":false},"featured_media":322704,"template":"","meta":{"_acf_changed":false},"product_brand":[],"product_cat":[1641,1631],"product_tag":[],"class_list":{"0":"post-331559","1":"product","2":"type-product","3":"status-publish","4":"has-post-thumbnail","6":"product_cat-klassisch-charakter","7":"product_cat-kostumdesign","9":"first","10":"instock","11":"shipping-taxable","12":"product-type-variable"},"acf":[],"_links":{"self":[{"href":"https:\/\/www.letutudanza.it\/de\/wp-json\/wp\/v2\/product\/331559","targetHints":{"allow":["GET"]}}],"collection":[{"href":"https:\/\/www.letutudanza.it\/de\/wp-json\/wp\/v2\/product"}],"about":[{"href":"https:\/\/www.letutudanza.it\/de\/wp-json\/wp\/v2\/types\/product"}],"wp:featuredmedia":[{"embeddable":true,"href":"https:\/\/www.letutudanza.it\/de\/wp-json\/wp\/v2\/media\/322704"}],"wp:attachment":[{"href":"https:\/\/www.letutudanza.it\/de\/wp-json\/wp\/v2\/media?parent=331559"}],"wp:term":[{"taxonomy":"product_brand","embeddable":true,"href":"https:\/\/www.letutudanza.it\/de\/wp-json\/wp\/v2\/product_brand?post=331559"},{"taxonomy":"product_cat","embeddable":true,"href":"https:\/\/www.letutudanza.it\/de\/wp-json\/wp\/v2\/product_cat?post=331559"},{"taxonomy":"product_tag","embeddable":true,"href":"https:\/\/www.letutudanza.it\/de\/wp-json\/wp\/v2\/product_tag?post=331559"}],"curies":[{"name":"wp","href":"https:\/\/api.w.org\/{rel}","templated":true}]}}