{"id":331535,"date":"2021-06-29T02:53:00","date_gmt":"2021-06-29T00:53:00","guid":{"rendered":"https:\/\/letutudanza.it\/prodotto\/kostuem-vs-248"},"modified":"2025-09-23T14:35:45","modified_gmt":"2025-09-23T12:35:45","slug":"kostum-gegen-248","status":"publish","type":"product","link":"https:\/\/www.letutudanza.it\/de\/prodotto\/kostum-gegen-248","title":{"rendered":"Kost\u00fcm VS 248"},"content":{"rendered":"<p>Badeanzug aus Lycra. Weiches Hemd in Blusenoptik mit offenen und verstellbaren Paspeln, W\u00e4scher\u00e4rmel. Korsett mit verstellbarem Kreuz. Doppelter Rock mit \u00e4u\u00dferem Volant und Sch\u00fcrze aus gebl\u00fcmtem Stoff mit Spitze.<\/p>\n","protected":false},"excerpt":{"rendered":"<p>Weiche, gesmoktes Oberteil mit offener, verstellbarer Paspelierung, W\u00e4scherinnen\u00e4rmeln und verstellbarem Crossover-Oberteil. Doppelter Rock mit \u00e4u\u00dferem Volant, Sch\u00fcrze aus gebl\u00fcmtem Stoff mit Spitzenbesatz. <\/p>\n","protected":false},"featured_media":322712,"template":"","meta":{"_acf_changed":false},"product_brand":[],"product_cat":[1641,1631],"product_tag":[],"class_list":{"0":"post-331535","1":"product","2":"type-product","3":"status-publish","4":"has-post-thumbnail","6":"product_cat-klassisch-charakter","7":"product_cat-kostumdesign","9":"first","10":"instock","11":"shipping-taxable","12":"product-type-variable"},"acf":[],"_links":{"self":[{"href":"https:\/\/www.letutudanza.it\/de\/wp-json\/wp\/v2\/product\/331535","targetHints":{"allow":["GET"]}}],"collection":[{"href":"https:\/\/www.letutudanza.it\/de\/wp-json\/wp\/v2\/product"}],"about":[{"href":"https:\/\/www.letutudanza.it\/de\/wp-json\/wp\/v2\/types\/product"}],"wp:featuredmedia":[{"embeddable":true,"href":"https:\/\/www.letutudanza.it\/de\/wp-json\/wp\/v2\/media\/322712"}],"wp:attachment":[{"href":"https:\/\/www.letutudanza.it\/de\/wp-json\/wp\/v2\/media?parent=331535"}],"wp:term":[{"taxonomy":"product_brand","embeddable":true,"href":"https:\/\/www.letutudanza.it\/de\/wp-json\/wp\/v2\/product_brand?post=331535"},{"taxonomy":"product_cat","embeddable":true,"href":"https:\/\/www.letutudanza.it\/de\/wp-json\/wp\/v2\/product_cat?post=331535"},{"taxonomy":"product_tag","embeddable":true,"href":"https:\/\/www.letutudanza.it\/de\/wp-json\/wp\/v2\/product_tag?post=331535"}],"curies":[{"name":"wp","href":"https:\/\/api.w.org\/{rel}","templated":true}]}}