{"id":330765,"date":"2021-06-29T00:42:35","date_gmt":"2021-06-28T22:42:35","guid":{"rendered":"https:\/\/letutudanza.it\/prodotto\/bostoner-akademie"},"modified":"2025-09-27T20:46:22","modified_gmt":"2025-09-27T18:46:22","slug":"akademisch-boston","status":"publish","type":"product","link":"https:\/\/www.letutudanza.it\/de\/prodotto\/akademisch-boston","title":{"rendered":"Akademischer Tanz-Trainingsanzug f\u00fcr Herren mit Boston-Rei\u00dfverschluss-Shorts"},"content":{"rendered":"","protected":false},"excerpt":{"rendered":"<p>Overall mit Arml\u00f6chern im Shorts-Stil.<br \/>\n Paspelierung und Rei\u00dfverschluss vorne auf halber L\u00e4nge.<\/p>\n","protected":false},"featured_media":325830,"template":"","meta":{"_acf_changed":false},"product_brand":[],"product_cat":[1634,1596,1516,1513],"product_tag":[],"class_list":{"0":"post-330765","1":"product","2":"type-product","3":"status-publish","4":"has-post-thumbnail","6":"product_cat-akademische-anzuge-fur-mann","7":"product_cat-akademische-anzuge","8":"product_cat-herrenlinie","9":"product_cat-kleidung","10":"pa_brand-dl-tanzkleidung","12":"first","13":"instock","14":"shipping-taxable","15":"purchasable","16":"product-type-variable"},"acf":[],"_links":{"self":[{"href":"https:\/\/www.letutudanza.it\/de\/wp-json\/wp\/v2\/product\/330765","targetHints":{"allow":["GET"]}}],"collection":[{"href":"https:\/\/www.letutudanza.it\/de\/wp-json\/wp\/v2\/product"}],"about":[{"href":"https:\/\/www.letutudanza.it\/de\/wp-json\/wp\/v2\/types\/product"}],"wp:featuredmedia":[{"embeddable":true,"href":"https:\/\/www.letutudanza.it\/de\/wp-json\/wp\/v2\/media\/325830"}],"wp:attachment":[{"href":"https:\/\/www.letutudanza.it\/de\/wp-json\/wp\/v2\/media?parent=330765"}],"wp:term":[{"taxonomy":"product_brand","embeddable":true,"href":"https:\/\/www.letutudanza.it\/de\/wp-json\/wp\/v2\/product_brand?post=330765"},{"taxonomy":"product_cat","embeddable":true,"href":"https:\/\/www.letutudanza.it\/de\/wp-json\/wp\/v2\/product_cat?post=330765"},{"taxonomy":"product_tag","embeddable":true,"href":"https:\/\/www.letutudanza.it\/de\/wp-json\/wp\/v2\/product_tag?post=330765"}],"curies":[{"name":"wp","href":"https:\/\/api.w.org\/{rel}","templated":true}]}}