{"id":330731,"date":"2021-06-29T02:47:10","date_gmt":"2021-06-29T00:47:10","guid":{"rendered":"https:\/\/letutudanza.it\/prodotto\/vs-kostuem-020"},"modified":"2025-09-22T15:39:13","modified_gmt":"2025-09-22T13:39:13","slug":"kostum-vs-020","status":"publish","type":"product","link":"https:\/\/www.letutudanza.it\/de\/prodotto\/kostum-vs-020","title":{"rendered":"VS-Kost\u00fcm 020"},"content":{"rendered":"<p>Klassisches Tanzkost\u00fcm aus Samt. Mieder mit Jackenschnitt, Kragen und \u00c4rmel mit Trinette und Spitze. Mit Spitze \u00fcberzogener Einsatz mit linearer Kreuzung aus Trinette. Baskisch in Samt fertig. Rock aus 2 Lagen T\u00fcll mit Spitze.<\/p>\n","protected":false},"excerpt":{"rendered":"<p>Body aus Samt mit Jackeneffekt.<br \/>\n Spitzenbedeckter Einsatz mit Spitzenr\u00fcschen in Reversoptik und Spitzenbesatz.<br \/>\n Lange \u00c4rmel mit Spitzenr\u00fcschen und Spitzenbesatz. Samtsch\u00f6\u00dfchen mit Spitzenbesatz.<br \/>\n Rock aus 2 Lagen T\u00fcll mit Spitzenabschluss. <\/p>\n","protected":false},"featured_media":322698,"template":"","meta":{"_acf_changed":false},"product_brand":[],"product_cat":[1641,1631],"product_tag":[],"class_list":{"0":"post-330731","1":"product","2":"type-product","3":"status-publish","4":"has-post-thumbnail","6":"product_cat-klassisch-charakter","7":"product_cat-kostumdesign","9":"first","10":"instock","11":"shipping-taxable","12":"product-type-variable"},"acf":[],"_links":{"self":[{"href":"https:\/\/www.letutudanza.it\/de\/wp-json\/wp\/v2\/product\/330731","targetHints":{"allow":["GET"]}}],"collection":[{"href":"https:\/\/www.letutudanza.it\/de\/wp-json\/wp\/v2\/product"}],"about":[{"href":"https:\/\/www.letutudanza.it\/de\/wp-json\/wp\/v2\/types\/product"}],"wp:featuredmedia":[{"embeddable":true,"href":"https:\/\/www.letutudanza.it\/de\/wp-json\/wp\/v2\/media\/322698"}],"wp:attachment":[{"href":"https:\/\/www.letutudanza.it\/de\/wp-json\/wp\/v2\/media?parent=330731"}],"wp:term":[{"taxonomy":"product_brand","embeddable":true,"href":"https:\/\/www.letutudanza.it\/de\/wp-json\/wp\/v2\/product_brand?post=330731"},{"taxonomy":"product_cat","embeddable":true,"href":"https:\/\/www.letutudanza.it\/de\/wp-json\/wp\/v2\/product_cat?post=330731"},{"taxonomy":"product_tag","embeddable":true,"href":"https:\/\/www.letutudanza.it\/de\/wp-json\/wp\/v2\/product_tag?post=330731"}],"curies":[{"name":"wp","href":"https:\/\/api.w.org\/{rel}","templated":true}]}}