{"id":330669,"date":"2021-06-29T01:14:19","date_gmt":"2021-06-28T23:14:19","guid":{"rendered":"https:\/\/letutudanza.it\/prodotto\/kevin-herrenbody"},"modified":"2025-09-18T15:29:41","modified_gmt":"2025-09-18T13:29:41","slug":"body-man-kevin","status":"publish","type":"product","link":"https:\/\/www.letutudanza.it\/de\/prodotto\/body-man-kevin","title":{"rendered":"Tanztrikot f\u00fcr Herren mit Tanga und Pistagnina Kevin"},"content":{"rendered":"","protected":false},"excerpt":{"rendered":"<p>Mit Paspeln, Rei\u00dfverschluss auf der Vorderseite und halben \u00c4rmeln.<\/p>\n<p>Tanga aus nacktem Lycra, der unter Strumpfhosen und B\u00fchnenkost\u00fcmen unsichtbar ist. Der Body ist vorne gef\u00fcttert<\/p>\n<p>NB: Die Farbwahl betrifft den oberen Teil. Der Slip wird immer fleischfarben sein.<\/p>\n","protected":false},"featured_media":325958,"template":"","meta":{"_acf_changed":false},"product_brand":[],"product_cat":[1638,1516],"product_tag":[],"class_list":{"0":"post-330669","1":"product","2":"type-product","3":"status-publish","4":"has-post-thumbnail","6":"product_cat-herren-tanz-body","7":"product_cat-herrenlinie","8":"pa_brand-dl-tanzkleidung","10":"first","11":"instock","12":"shipping-taxable","13":"purchasable","14":"product-type-variable"},"acf":[],"_links":{"self":[{"href":"https:\/\/www.letutudanza.it\/de\/wp-json\/wp\/v2\/product\/330669","targetHints":{"allow":["GET"]}}],"collection":[{"href":"https:\/\/www.letutudanza.it\/de\/wp-json\/wp\/v2\/product"}],"about":[{"href":"https:\/\/www.letutudanza.it\/de\/wp-json\/wp\/v2\/types\/product"}],"wp:featuredmedia":[{"embeddable":true,"href":"https:\/\/www.letutudanza.it\/de\/wp-json\/wp\/v2\/media\/325958"}],"wp:attachment":[{"href":"https:\/\/www.letutudanza.it\/de\/wp-json\/wp\/v2\/media?parent=330669"}],"wp:term":[{"taxonomy":"product_brand","embeddable":true,"href":"https:\/\/www.letutudanza.it\/de\/wp-json\/wp\/v2\/product_brand?post=330669"},{"taxonomy":"product_cat","embeddable":true,"href":"https:\/\/www.letutudanza.it\/de\/wp-json\/wp\/v2\/product_cat?post=330669"},{"taxonomy":"product_tag","embeddable":true,"href":"https:\/\/www.letutudanza.it\/de\/wp-json\/wp\/v2\/product_tag?post=330669"}],"curies":[{"name":"wp","href":"https:\/\/api.w.org\/{rel}","templated":true}]}}