{"id":330520,"date":"2021-06-29T02:45:55","date_gmt":"2021-06-29T00:45:55","guid":{"rendered":"https:\/\/letutudanza.it\/prodotto\/vs-kostuem-014"},"modified":"2024-12-25T12:52:15","modified_gmt":"2024-12-25T11:52:15","slug":"kostum-vs-014","status":"publish","type":"product","link":"https:\/\/www.letutudanza.it\/de\/prodotto\/kostum-vs-014","title":{"rendered":"VS-Kost\u00fcm 014"},"content":{"rendered":"<p>Tunika mit Kragen aus wei\u00dfem Satin und roten Paspeln. Lange \u00c4rmel und weite Hose aus Satin mit kontrastierendem roten Rand.<\/p>\n<p>Ideal, um die Rolle der Pulcinella zu spielen.<\/p>\n","protected":false},"excerpt":{"rendered":"<p>Tunika mit Kragen aus wei\u00dfem Satin und roten Paspeln. Lange \u00c4rmel und weite Hose aus Satin mit kontrastierendem roten Rand.<\/p>\n<p>Ideal, um die Rolle der Pulcinella zu spielen.<\/p>\n","protected":false},"featured_media":322696,"template":"","meta":{"_acf_changed":false},"product_brand":[],"product_cat":[1641,1631],"product_tag":[],"class_list":{"0":"post-330520","1":"product","2":"type-product","3":"status-publish","4":"has-post-thumbnail","6":"product_cat-klassisch-charakter","7":"product_cat-kostumdesign","8":"pa_brand-dl-tanzkleidung","10":"first","11":"instock","12":"shipping-taxable","13":"product-type-variable"},"acf":[],"_links":{"self":[{"href":"https:\/\/www.letutudanza.it\/de\/wp-json\/wp\/v2\/product\/330520","targetHints":{"allow":["GET"]}}],"collection":[{"href":"https:\/\/www.letutudanza.it\/de\/wp-json\/wp\/v2\/product"}],"about":[{"href":"https:\/\/www.letutudanza.it\/de\/wp-json\/wp\/v2\/types\/product"}],"wp:featuredmedia":[{"embeddable":true,"href":"https:\/\/www.letutudanza.it\/de\/wp-json\/wp\/v2\/media\/322696"}],"wp:attachment":[{"href":"https:\/\/www.letutudanza.it\/de\/wp-json\/wp\/v2\/media?parent=330520"}],"wp:term":[{"taxonomy":"product_brand","embeddable":true,"href":"https:\/\/www.letutudanza.it\/de\/wp-json\/wp\/v2\/product_brand?post=330520"},{"taxonomy":"product_cat","embeddable":true,"href":"https:\/\/www.letutudanza.it\/de\/wp-json\/wp\/v2\/product_cat?post=330520"},{"taxonomy":"product_tag","embeddable":true,"href":"https:\/\/www.letutudanza.it\/de\/wp-json\/wp\/v2\/product_tag?post=330520"}],"curies":[{"name":"wp","href":"https:\/\/api.w.org\/{rel}","templated":true}]}}