{"id":329897,"date":"2021-06-29T02:43:08","date_gmt":"2021-06-29T00:43:08","guid":{"rendered":"https:\/\/letutudanza.it\/prodotto\/vs-258-kostuem"},"modified":"2025-12-09T18:16:57","modified_gmt":"2025-12-09T17:16:57","slug":"kostum-gegen-258","status":"publish","type":"product","link":"https:\/\/www.letutudanza.it\/de\/prodotto\/kostum-gegen-258","title":{"rendered":"VS 258 Kost\u00fcm"},"content":{"rendered":"<p>Eine alternative Idee f\u00fcr den Can Can<\/p>\n","protected":false},"excerpt":{"rendered":"<p>Zweifarbiges Oberteil mit Einschnitten und angedeuteten St\u00e4bchen, geraffte Schultertr\u00e4ger mit R\u00fcschen.<br \/>\n Ein volumin\u00f6ser Satinrock mit drei gerafften T\u00fcllr\u00fcschen innen und zwei au\u00dfen in verschiedenen Farben. Handgeschnittene Kreisapplikationen und Borten zieren den Rock. <\/p>\n","protected":false},"featured_media":322690,"template":"","meta":{"_acf_changed":false},"product_brand":[],"product_cat":[1641,1631],"product_tag":[],"class_list":{"0":"post-329897","1":"product","2":"type-product","3":"status-publish","4":"has-post-thumbnail","6":"product_cat-klassisch-charakter","7":"product_cat-kostumdesign","8":"pa_brand-dl-tanzkleidung","10":"first","11":"instock","12":"shipping-taxable","13":"product-type-variable"},"acf":[],"_links":{"self":[{"href":"https:\/\/www.letutudanza.it\/de\/wp-json\/wp\/v2\/product\/329897","targetHints":{"allow":["GET"]}}],"collection":[{"href":"https:\/\/www.letutudanza.it\/de\/wp-json\/wp\/v2\/product"}],"about":[{"href":"https:\/\/www.letutudanza.it\/de\/wp-json\/wp\/v2\/types\/product"}],"wp:featuredmedia":[{"embeddable":true,"href":"https:\/\/www.letutudanza.it\/de\/wp-json\/wp\/v2\/media\/322690"}],"wp:attachment":[{"href":"https:\/\/www.letutudanza.it\/de\/wp-json\/wp\/v2\/media?parent=329897"}],"wp:term":[{"taxonomy":"product_brand","embeddable":true,"href":"https:\/\/www.letutudanza.it\/de\/wp-json\/wp\/v2\/product_brand?post=329897"},{"taxonomy":"product_cat","embeddable":true,"href":"https:\/\/www.letutudanza.it\/de\/wp-json\/wp\/v2\/product_cat?post=329897"},{"taxonomy":"product_tag","embeddable":true,"href":"https:\/\/www.letutudanza.it\/de\/wp-json\/wp\/v2\/product_tag?post=329897"}],"curies":[{"name":"wp","href":"https:\/\/api.w.org\/{rel}","templated":true}]}}