{"id":329496,"date":"2021-06-29T01:02:02","date_gmt":"2021-06-28T23:02:02","guid":{"rendered":"https:\/\/letutudanza.it\/prodotto\/tanktop-body-fuer-herren"},"modified":"2025-09-18T15:02:46","modified_gmt":"2025-09-18T13:02:46","slug":"body-tank-man","status":"publish","type":"product","link":"https:\/\/www.letutudanza.it\/de\/prodotto\/body-tank-man","title":{"rendered":"Tanz-Body f\u00fcr Herren"},"content":{"rendered":"","protected":false},"excerpt":{"rendered":"<p>Tanktop-Body f\u00fcr Herren, Muschelschnitt auf der Vorderseite. Der Body ist auf der Vorderseite gef\u00fcttert.<\/p>\n","protected":false},"featured_media":325960,"template":"","meta":{"_acf_changed":false},"product_brand":[],"product_cat":[1638,1516],"product_tag":[],"class_list":{"0":"post-329496","1":"product","2":"type-product","3":"status-publish","4":"has-post-thumbnail","6":"product_cat-herren-tanz-body","7":"product_cat-herrenlinie","8":"pa_brand-dl-tanzkleidung","10":"first","11":"instock","12":"shipping-taxable","13":"purchasable","14":"product-type-variable"},"acf":[],"_links":{"self":[{"href":"https:\/\/www.letutudanza.it\/de\/wp-json\/wp\/v2\/product\/329496","targetHints":{"allow":["GET"]}}],"collection":[{"href":"https:\/\/www.letutudanza.it\/de\/wp-json\/wp\/v2\/product"}],"about":[{"href":"https:\/\/www.letutudanza.it\/de\/wp-json\/wp\/v2\/types\/product"}],"wp:featuredmedia":[{"embeddable":true,"href":"https:\/\/www.letutudanza.it\/de\/wp-json\/wp\/v2\/media\/325960"}],"wp:attachment":[{"href":"https:\/\/www.letutudanza.it\/de\/wp-json\/wp\/v2\/media?parent=329496"}],"wp:term":[{"taxonomy":"product_brand","embeddable":true,"href":"https:\/\/www.letutudanza.it\/de\/wp-json\/wp\/v2\/product_brand?post=329496"},{"taxonomy":"product_cat","embeddable":true,"href":"https:\/\/www.letutudanza.it\/de\/wp-json\/wp\/v2\/product_cat?post=329496"},{"taxonomy":"product_tag","embeddable":true,"href":"https:\/\/www.letutudanza.it\/de\/wp-json\/wp\/v2\/product_tag?post=329496"}],"curies":[{"name":"wp","href":"https:\/\/api.w.org\/{rel}","templated":true}]}}