{"id":329105,"date":"2021-06-29T02:35:13","date_gmt":"2021-06-29T00:35:13","guid":{"rendered":"https:\/\/letutudanza.it\/prodotto\/tt-147-ballettroeckchen"},"modified":"2025-12-03T11:12:49","modified_gmt":"2025-12-03T10:12:49","slug":"tt-147-ballettroeckchen","status":"publish","type":"product","link":"https:\/\/www.letutudanza.it\/de\/prodotto\/tt-147-ballettroeckchen","title":{"rendered":"TT 147 Ballettr\u00f6ckchen"},"content":{"rendered":"<p>Mieder aus Samt, hautfarbener Einsatz, bedeckt mit besticktem T\u00fcll, vollendet mit Trinette. Tutu aus 7 Lagen festem T\u00fcll. Offene Tellerh\u00fclle aus besticktem T\u00fcll.<\/p>\n","protected":false},"excerpt":{"rendered":"<p>Mieder aus Samt, Einsatz in Nude-Optik mit besticktem T\u00fcll \u00fcberzogen und mit Spitze verziert.<br \/>\n Tutu aus 7 Lagen steifem T\u00fcll, offener Plattenbezug aus besticktem T\u00fcll.<\/p>\n","protected":false},"featured_media":322676,"template":"","meta":{"_acf_changed":false},"product_brand":[],"product_cat":[1632,1631],"product_tag":[],"class_list":{"0":"post-329105","1":"product","2":"type-product","3":"status-publish","4":"has-post-thumbnail","6":"product_cat-tutu-degas","7":"product_cat-kostumdesign","9":"first","10":"instock","11":"shipping-taxable","12":"product-type-variable"},"acf":[],"_links":{"self":[{"href":"https:\/\/www.letutudanza.it\/de\/wp-json\/wp\/v2\/product\/329105","targetHints":{"allow":["GET"]}}],"collection":[{"href":"https:\/\/www.letutudanza.it\/de\/wp-json\/wp\/v2\/product"}],"about":[{"href":"https:\/\/www.letutudanza.it\/de\/wp-json\/wp\/v2\/types\/product"}],"wp:featuredmedia":[{"embeddable":true,"href":"https:\/\/www.letutudanza.it\/de\/wp-json\/wp\/v2\/media\/322676"}],"wp:attachment":[{"href":"https:\/\/www.letutudanza.it\/de\/wp-json\/wp\/v2\/media?parent=329105"}],"wp:term":[{"taxonomy":"product_brand","embeddable":true,"href":"https:\/\/www.letutudanza.it\/de\/wp-json\/wp\/v2\/product_brand?post=329105"},{"taxonomy":"product_cat","embeddable":true,"href":"https:\/\/www.letutudanza.it\/de\/wp-json\/wp\/v2\/product_cat?post=329105"},{"taxonomy":"product_tag","embeddable":true,"href":"https:\/\/www.letutudanza.it\/de\/wp-json\/wp\/v2\/product_tag?post=329105"}],"curies":[{"name":"wp","href":"https:\/\/api.w.org\/{rel}","templated":true}]}}