{"id":328542,"date":"2021-06-29T02:28:24","date_gmt":"2021-06-29T00:28:24","guid":{"rendered":"https:\/\/letutudanza.it\/prodotto\/tt-149-ballettroeckchen"},"modified":"2025-12-03T16:27:41","modified_gmt":"2025-12-03T15:27:41","slug":"tt-149-ballettroeckchen","status":"publish","type":"product","link":"https:\/\/www.letutudanza.it\/de\/prodotto\/tt-149-ballettroeckchen","title":{"rendered":"TT 149 Ballettr\u00f6ckchen"},"content":{"rendered":"<p>Mieder aus Samt, hautfarbener Einsatz mit floralen Verzierungen. Tutu aus 7 Lagen festem T\u00fcll. Tellerh\u00fclle mit spitzen Applikationen und Bl\u00fctenbl\u00e4ttern aus T\u00fcll und Samt, veredelt mit orangefarbenen und floralen Verzierungen<\/p>\n","protected":false},"excerpt":{"rendered":"<p>Mieder aus Samt, Einsatz in Nude mit floralen Verzierungen.<br \/>\n Tutu aus 7 Lagen steifem T\u00fcll und bl\u00fctenblattf\u00f6rmigem Tellerbezug mit Samtapplikationen und floralen Verzierungen<\/p>\n","protected":false},"featured_media":322668,"template":"","meta":{"_acf_changed":false},"product_brand":[],"product_cat":[1632,1631],"product_tag":[],"class_list":{"0":"post-328542","1":"product","2":"type-product","3":"status-publish","4":"has-post-thumbnail","6":"product_cat-tutu-degas","7":"product_cat-kostumdesign","9":"first","10":"instock","11":"shipping-taxable","12":"product-type-variable"},"acf":[],"_links":{"self":[{"href":"https:\/\/www.letutudanza.it\/de\/wp-json\/wp\/v2\/product\/328542","targetHints":{"allow":["GET"]}}],"collection":[{"href":"https:\/\/www.letutudanza.it\/de\/wp-json\/wp\/v2\/product"}],"about":[{"href":"https:\/\/www.letutudanza.it\/de\/wp-json\/wp\/v2\/types\/product"}],"wp:featuredmedia":[{"embeddable":true,"href":"https:\/\/www.letutudanza.it\/de\/wp-json\/wp\/v2\/media\/322668"}],"wp:attachment":[{"href":"https:\/\/www.letutudanza.it\/de\/wp-json\/wp\/v2\/media?parent=328542"}],"wp:term":[{"taxonomy":"product_brand","embeddable":true,"href":"https:\/\/www.letutudanza.it\/de\/wp-json\/wp\/v2\/product_brand?post=328542"},{"taxonomy":"product_cat","embeddable":true,"href":"https:\/\/www.letutudanza.it\/de\/wp-json\/wp\/v2\/product_cat?post=328542"},{"taxonomy":"product_tag","embeddable":true,"href":"https:\/\/www.letutudanza.it\/de\/wp-json\/wp\/v2\/product_tag?post=328542"}],"curies":[{"name":"wp","href":"https:\/\/api.w.org\/{rel}","templated":true}]}}