{"id":328334,"date":"2021-06-29T02:14:56","date_gmt":"2021-06-29T00:14:56","guid":{"rendered":"https:\/\/letutudanza.it\/prodotto\/tuerkises-tutu"},"modified":"2026-03-16T17:29:52","modified_gmt":"2026-03-16T16:29:52","slug":"tuerkises-tutu","status":"publish","type":"product","link":"https:\/\/www.letutudanza.it\/de\/prodotto\/tuerkises-tutu","title":{"rendered":"7-lagiges arabisches Tutu mit Goldapplikationen"},"content":{"rendered":"<p>Tutu mit sieben Schleiern. Mieder aus Samt, Applikation von Stickereien und vollendet mit goldener Trinette und nackten Hosentr\u00e4gern. Tutulette aus 7 Lagen t\u00fcrkisfarbenem T\u00fcll. Plattenabdeckung aus blauem Samt und mit goldenen Pailletten veredelt.<\/p>\n","protected":false},"excerpt":{"rendered":"<p>Tutu mit sieben Schleiern. Zweifarbiges Samtoberteil mit einer Mischung aus goldenen Pailletten und kleinen Strasssteinen. Doppelte Spitzenborte am Oberteil und hautfarbene Tr\u00e4ger.<br \/>\n Ein Tutu aus 7 Lagen steifem T\u00fcll und einem asymmetrischen Samtbezug, der mit goldenen Pailletten verziert ist. <\/p>\n","protected":false},"featured_media":322654,"template":"","meta":{"_acf_changed":false},"product_brand":[],"product_cat":[1609,1451],"product_tag":[],"class_list":{"0":"post-328334","1":"product","2":"type-product","3":"status-publish","4":"has-post-thumbnail","6":"product_cat-kostum-outlet","7":"product_cat-auslauf","8":"pa_brand-dl-tanzkleidung","10":"first","11":"instock","12":"shipping-taxable","13":"purchasable","14":"product-type-variable"},"acf":[],"_links":{"self":[{"href":"https:\/\/www.letutudanza.it\/de\/wp-json\/wp\/v2\/product\/328334","targetHints":{"allow":["GET"]}}],"collection":[{"href":"https:\/\/www.letutudanza.it\/de\/wp-json\/wp\/v2\/product"}],"about":[{"href":"https:\/\/www.letutudanza.it\/de\/wp-json\/wp\/v2\/types\/product"}],"wp:featuredmedia":[{"embeddable":true,"href":"https:\/\/www.letutudanza.it\/de\/wp-json\/wp\/v2\/media\/322654"}],"wp:attachment":[{"href":"https:\/\/www.letutudanza.it\/de\/wp-json\/wp\/v2\/media?parent=328334"}],"wp:term":[{"taxonomy":"product_brand","embeddable":true,"href":"https:\/\/www.letutudanza.it\/de\/wp-json\/wp\/v2\/product_brand?post=328334"},{"taxonomy":"product_cat","embeddable":true,"href":"https:\/\/www.letutudanza.it\/de\/wp-json\/wp\/v2\/product_cat?post=328334"},{"taxonomy":"product_tag","embeddable":true,"href":"https:\/\/www.letutudanza.it\/de\/wp-json\/wp\/v2\/product_tag?post=328334"}],"curies":[{"name":"wp","href":"https:\/\/api.w.org\/{rel}","templated":true}]}}