{"id":328086,"date":"2021-06-29T00:21:39","date_gmt":"2021-06-28T22:21:39","guid":{"rendered":"https:\/\/letutudanza.it\/prodotto\/sudorella-danzacqua-latzhose"},"modified":"2026-01-18T10:49:36","modified_gmt":"2026-01-18T09:49:36","slug":"sweat-dance-latzhose","status":"publish","type":"product","link":"https:\/\/www.letutudanza.it\/de\/prodotto\/sweat-dance-latzhose","title":{"rendered":"Damen-Jogginghose zum Aufw\u00e4rmen"},"content":{"rendered":"<h2 style=\"text-align: center;\">Jogginghose zum Tanzen und Aufw\u00e4rmen<\/h2>\n<p>Dieser schwei\u00dftreibende Tanzoverall wurde entwickelt, um ein effektives Aufw\u00e4rmen der Muskulatur w\u00e4hrend des Trainings und der Proben zu f\u00f6rdern. Das Material aus 100 % Polyamid reduziert die Schwei\u00dfbildung und erzeugt einen thermischen Effekt, der ideal zum Schwitzen geeignet ist. <\/p>\n<p>Breite Tr\u00e4ger sorgen f\u00fcr Stabilit\u00e4t, der elastische Bund f\u00fcr bequemen Sitz. Elastische Kn\u00f6chelb\u00e4nder runden das technische Design ab. Erh\u00e4ltlich in Schwarz und Grau, geeignet f\u00fcr Ballett, Modern Dance und zeitgen\u00f6ssischen Tanz.  <\/p>\n","protected":false},"excerpt":{"rendered":"<p>Schwei\u00dfabsorbierender Tanzoverall, ideal zum Aufw\u00e4rmen. Die breiten Tr\u00e4ger und der elastische Bund sorgen f\u00fcr Komfort und eine praktische Passform.<br \/>\n Polyamid l\u00e4sst kein Schwitzen zu und erzeugt so einen w\u00e4rmenden Effekt auf die Muskulatur, der sich hervorragend zum Schwitzen w\u00e4hrend der Anwendung eignet. <\/p>\n","protected":false},"featured_media":466306,"template":"","meta":{"_acf_changed":false},"product_brand":[],"product_cat":[1590,1597,1513,1522],"product_tag":[],"class_list":{"0":"post-328086","1":"product","2":"type-product","3":"status-publish","4":"has-post-thumbnail","6":"product_cat-schweiss","7":"product_cat-anzuge","8":"product_cat-kleidung","9":"product_cat-sich-warm-laufen","10":"pa_brand-dl-tanzkleidung","12":"first","13":"instock","14":"shipping-taxable","15":"purchasable","16":"product-type-variable"},"acf":[],"_links":{"self":[{"href":"https:\/\/www.letutudanza.it\/de\/wp-json\/wp\/v2\/product\/328086","targetHints":{"allow":["GET"]}}],"collection":[{"href":"https:\/\/www.letutudanza.it\/de\/wp-json\/wp\/v2\/product"}],"about":[{"href":"https:\/\/www.letutudanza.it\/de\/wp-json\/wp\/v2\/types\/product"}],"wp:featuredmedia":[{"embeddable":true,"href":"https:\/\/www.letutudanza.it\/de\/wp-json\/wp\/v2\/media\/466306"}],"wp:attachment":[{"href":"https:\/\/www.letutudanza.it\/de\/wp-json\/wp\/v2\/media?parent=328086"}],"wp:term":[{"taxonomy":"product_brand","embeddable":true,"href":"https:\/\/www.letutudanza.it\/de\/wp-json\/wp\/v2\/product_brand?post=328086"},{"taxonomy":"product_cat","embeddable":true,"href":"https:\/\/www.letutudanza.it\/de\/wp-json\/wp\/v2\/product_cat?post=328086"},{"taxonomy":"product_tag","embeddable":true,"href":"https:\/\/www.letutudanza.it\/de\/wp-json\/wp\/v2\/product_tag?post=328086"}],"curies":[{"name":"wp","href":"https:\/\/api.w.org\/{rel}","templated":true}]}}