{"id":327986,"date":"2021-06-29T00:25:14","date_gmt":"2021-06-28T22:25:14","guid":{"rendered":"https:\/\/letutudanza.it\/prodotto\/sudorella-danzacqua-shorts"},"modified":"2026-01-18T10:40:33","modified_gmt":"2026-01-18T09:40:33","slug":"verschwitzte-tanzshorts","status":"publish","type":"product","link":"https:\/\/www.letutudanza.it\/de\/prodotto\/verschwitzte-tanzshorts","title":{"rendered":"Elastische Tanzshorts f\u00fcr Damen"},"content":{"rendered":"<h2 style=\"text-align: center;\">Jogginghose, Tanz-Aufw\u00e4rmshorts<\/h2>\n<p>Diese DL Dancewear Tanzshorts wurden f\u00fcr effektives Aufw\u00e4rmen w\u00e4hrend des Trainings und der Proben entwickelt. Der elastische Bund und die elastischen Beinabschl\u00fcsse erm\u00f6glichen ein einfaches Hochkrempeln und sorgen f\u00fcr einen bequemen, stabilen Sitz. <\/p>\n<p>Hergestellt aus 100 % Polyamid, einem nicht atmungsaktiven Material, erzeugt es einen nat\u00fcrlichen W\u00e4rmeeffekt, der das Schwitzen w\u00e4hrend des Tragens anregt. Erh\u00e4ltlich in Schwarz und Grau sowie in vielen Gr\u00f6\u00dfen, ist es ideal f\u00fcr modernen und zeitgen\u00f6ssischen Tanz sowie zum Aufw\u00e4rmen im Ballett. <\/p>\n","protected":false},"excerpt":{"rendered":"<p>Sudorella Tanzshorts mit elastischem Bund und Beinabschl\u00fcssen zum Hochkrempeln. Hergestellt aus 100 % Polyamid, einem nicht atmungsaktiven Material, das Schwitzen f\u00f6rdert. Ideal f\u00fcr Modern Dance, Contemporary Dance und zum Aufw\u00e4rmen.  <\/p>\n","protected":false},"featured_media":325908,"template":"","meta":{"_acf_changed":false},"product_brand":[],"product_cat":[1590,1494,1513,1522],"product_tag":[],"class_list":{"0":"post-327986","1":"product","2":"type-product","3":"status-publish","4":"has-post-thumbnail","6":"product_cat-schweiss","7":"product_cat-hosen-und-shorts","8":"product_cat-kleidung","9":"product_cat-sich-warm-laufen","10":"pa_brand-dl-tanzkleidung","12":"first","13":"instock","14":"shipping-taxable","15":"purchasable","16":"product-type-variable"},"acf":[],"_links":{"self":[{"href":"https:\/\/www.letutudanza.it\/de\/wp-json\/wp\/v2\/product\/327986","targetHints":{"allow":["GET"]}}],"collection":[{"href":"https:\/\/www.letutudanza.it\/de\/wp-json\/wp\/v2\/product"}],"about":[{"href":"https:\/\/www.letutudanza.it\/de\/wp-json\/wp\/v2\/types\/product"}],"wp:featuredmedia":[{"embeddable":true,"href":"https:\/\/www.letutudanza.it\/de\/wp-json\/wp\/v2\/media\/325908"}],"wp:attachment":[{"href":"https:\/\/www.letutudanza.it\/de\/wp-json\/wp\/v2\/media?parent=327986"}],"wp:term":[{"taxonomy":"product_brand","embeddable":true,"href":"https:\/\/www.letutudanza.it\/de\/wp-json\/wp\/v2\/product_brand?post=327986"},{"taxonomy":"product_cat","embeddable":true,"href":"https:\/\/www.letutudanza.it\/de\/wp-json\/wp\/v2\/product_cat?post=327986"},{"taxonomy":"product_tag","embeddable":true,"href":"https:\/\/www.letutudanza.it\/de\/wp-json\/wp\/v2\/product_tag?post=327986"}],"curies":[{"name":"wp","href":"https:\/\/api.w.org\/{rel}","templated":true}]}}