{"id":327786,"date":"2021-06-29T00:02:50","date_gmt":"2021-06-28T22:02:50","guid":{"rendered":"https:\/\/letutudanza.it\/prodotto\/pechpulver"},"modified":"2025-12-29T10:09:31","modified_gmt":"2025-12-29T09:09:31","slug":"pech-in-pulver","status":"publish","type":"product","link":"https:\/\/www.letutudanza.it\/de\/prodotto\/pech-in-pulver","title":{"rendered":"Pechpulver"},"content":{"rendered":"<p>Bequem zu transportieren dank des sehr praktischen platzsparenden Beh\u00e4lters<\/p>\n","protected":false},"excerpt":{"rendered":"<p>Wird von T\u00e4nzern verwendet, um einen besseren Halt auf dem Boden zu haben und jede Bewegung ausf\u00fchren zu k\u00f6nnen, ohne Angst vor dem Ausrutschen haben zu m\u00fcssen.<\/p>\n<p> 140-g-Packung.<\/p>\n","protected":false},"featured_media":325508,"template":"","meta":{"_acf_changed":false},"product_brand":[],"product_cat":[1448,1447],"product_tag":[],"class_list":{"0":"post-327786","1":"product","2":"type-product","3":"status-publish","4":"has-post-thumbnail","6":"product_cat-zubehor-fur-schuhe-und-fusse","7":"product_cat-zubehor","8":"pa_brand-tech-tanz","10":"first","11":"instock","12":"shipping-taxable","13":"purchasable","14":"product-type-simple"},"acf":[],"_links":{"self":[{"href":"https:\/\/www.letutudanza.it\/de\/wp-json\/wp\/v2\/product\/327786","targetHints":{"allow":["GET"]}}],"collection":[{"href":"https:\/\/www.letutudanza.it\/de\/wp-json\/wp\/v2\/product"}],"about":[{"href":"https:\/\/www.letutudanza.it\/de\/wp-json\/wp\/v2\/types\/product"}],"wp:featuredmedia":[{"embeddable":true,"href":"https:\/\/www.letutudanza.it\/de\/wp-json\/wp\/v2\/media\/325508"}],"wp:attachment":[{"href":"https:\/\/www.letutudanza.it\/de\/wp-json\/wp\/v2\/media?parent=327786"}],"wp:term":[{"taxonomy":"product_brand","embeddable":true,"href":"https:\/\/www.letutudanza.it\/de\/wp-json\/wp\/v2\/product_brand?post=327786"},{"taxonomy":"product_cat","embeddable":true,"href":"https:\/\/www.letutudanza.it\/de\/wp-json\/wp\/v2\/product_cat?post=327786"},{"taxonomy":"product_tag","embeddable":true,"href":"https:\/\/www.letutudanza.it\/de\/wp-json\/wp\/v2\/product_tag?post=327786"}],"curies":[{"name":"wp","href":"https:\/\/api.w.org\/{rel}","templated":true}]}}