{"id":327641,"date":"2021-06-28T23:42:28","date_gmt":"2021-06-28T21:42:28","guid":{"rendered":"https:\/\/letutudanza.it\/prodotto\/yoga-stein"},"modified":"2026-02-02T14:39:49","modified_gmt":"2026-02-02T13:39:49","slug":"brick-yoga-tendu","status":"publish","type":"product","link":"https:\/\/www.letutudanza.it\/de\/prodotto\/brick-yoga-tendu","title":{"rendered":"Yoga-Stein"},"content":{"rendered":"<p>Der Yogablock ist ein unverzichtbares Werkzeug f\u00fcr einige Dehnungsstile. Ballettt\u00e4nzer verwenden es oft, um Er\u00f6ffnungen zu verbessern oder mehr Flexibilit\u00e4t zu erlangen. Es ist ratsam, mindestens ein Paar zu kaufen<\/p>\n<p>Erh\u00e4ltlich in der Farbe Lila<\/p>\n<p>Ma\u00dfe: H\u00f6he 15 cm, Breite 22,5 cm, Tiefe 7,5 cm<\/p>\n","protected":false},"excerpt":{"rendered":"<p>Der Yogablock ist ein unverzichtbares Hilfsmittel f\u00fcr einige Dehn\u00fcbungen.<br \/>\n Ballettt\u00e4nzer nutzen es oft, um ihre \u00d6ffnungstechniken zu verbessern oder um eine gr\u00f6\u00dfere Flexibilit\u00e4t zu erlangen.<\/p>\n<p> Erh\u00e4ltlich in der Farbe Lila<\/p>\n<p> Ma\u00dfe: H\u00f6he 15 cm, Breite 22,5 cm, Tiefe 7,5 cm<\/p>\n<p>&nbsp;<\/p>\n","protected":false},"featured_media":326068,"template":"","meta":{"_acf_changed":false},"product_brand":[],"product_cat":[1449,1447],"product_tag":[],"class_list":{"0":"post-327641","1":"product","2":"type-product","3":"status-publish","4":"has-post-thumbnail","6":"product_cat-dehnen-und-trainieren","7":"product_cat-zubehor","8":"pa_brand-tech-tanz","10":"first","11":"instock","12":"shipping-taxable","13":"purchasable","14":"product-type-simple"},"acf":[],"_links":{"self":[{"href":"https:\/\/www.letutudanza.it\/de\/wp-json\/wp\/v2\/product\/327641","targetHints":{"allow":["GET"]}}],"collection":[{"href":"https:\/\/www.letutudanza.it\/de\/wp-json\/wp\/v2\/product"}],"about":[{"href":"https:\/\/www.letutudanza.it\/de\/wp-json\/wp\/v2\/types\/product"}],"wp:featuredmedia":[{"embeddable":true,"href":"https:\/\/www.letutudanza.it\/de\/wp-json\/wp\/v2\/media\/326068"}],"wp:attachment":[{"href":"https:\/\/www.letutudanza.it\/de\/wp-json\/wp\/v2\/media?parent=327641"}],"wp:term":[{"taxonomy":"product_brand","embeddable":true,"href":"https:\/\/www.letutudanza.it\/de\/wp-json\/wp\/v2\/product_brand?post=327641"},{"taxonomy":"product_cat","embeddable":true,"href":"https:\/\/www.letutudanza.it\/de\/wp-json\/wp\/v2\/product_cat?post=327641"},{"taxonomy":"product_tag","embeddable":true,"href":"https:\/\/www.letutudanza.it\/de\/wp-json\/wp\/v2\/product_tag?post=327641"}],"curies":[{"name":"wp","href":"https:\/\/api.w.org\/{rel}","templated":true}]}}