{"id":327640,"date":"2021-06-28T23:37:21","date_gmt":"2021-06-28T21:37:21","guid":{"rendered":"https:\/\/letutudanza.it\/prodotto\/koerper-julien"},"modified":"2025-09-12T14:46:29","modified_gmt":"2025-09-12T12:46:29","slug":"korper-julien","status":"publish","type":"product","link":"https:\/\/www.letutudanza.it\/de\/prodotto\/korper-julien","title":{"rendered":"Tanz-Body mit Tr\u00e4gern und Julien-Spitzeneinsatz"},"content":{"rendered":"<p>K\u00f6rper Julien. Tr\u00e4gerloser Body mit Spitzeneinsatz vorne und hinten.<\/p>\n<p>Gef\u00fcttert mit<\/p>\n<p>&nbsp;<\/p>\n","protected":false},"excerpt":{"rendered":"<p>Tr\u00e4gerloser Body mit Spitzeneinsatz vorne und hinten. Vorne gef\u00fcttert<\/p>\n","protected":false},"featured_media":325688,"template":"","meta":{"_acf_changed":false},"product_brand":[],"product_cat":[1513,1550],"product_tag":[1552],"class_list":{"0":"post-327640","1":"product","2":"type-product","3":"status-publish","4":"has-post-thumbnail","6":"product_cat-kleidung","7":"product_cat-korper-tanz","8":"product_tag-balletttrikot-fur-erwachsene","9":"pa_brand-dl-tanzkleidung","11":"first","12":"instock","13":"shipping-taxable","14":"purchasable","15":"product-type-variable"},"acf":[],"_links":{"self":[{"href":"https:\/\/www.letutudanza.it\/de\/wp-json\/wp\/v2\/product\/327640","targetHints":{"allow":["GET"]}}],"collection":[{"href":"https:\/\/www.letutudanza.it\/de\/wp-json\/wp\/v2\/product"}],"about":[{"href":"https:\/\/www.letutudanza.it\/de\/wp-json\/wp\/v2\/types\/product"}],"wp:featuredmedia":[{"embeddable":true,"href":"https:\/\/www.letutudanza.it\/de\/wp-json\/wp\/v2\/media\/325688"}],"wp:attachment":[{"href":"https:\/\/www.letutudanza.it\/de\/wp-json\/wp\/v2\/media?parent=327640"}],"wp:term":[{"taxonomy":"product_brand","embeddable":true,"href":"https:\/\/www.letutudanza.it\/de\/wp-json\/wp\/v2\/product_brand?post=327640"},{"taxonomy":"product_cat","embeddable":true,"href":"https:\/\/www.letutudanza.it\/de\/wp-json\/wp\/v2\/product_cat?post=327640"},{"taxonomy":"product_tag","embeddable":true,"href":"https:\/\/www.letutudanza.it\/de\/wp-json\/wp\/v2\/product_tag?post=327640"}],"curies":[{"name":"wp","href":"https:\/\/api.w.org\/{rel}","templated":true}]}}