{"id":327492,"date":"2021-06-28T19:47:39","date_gmt":"2021-06-28T17:47:39","guid":{"rendered":"https:\/\/letutudanza.it\/prodotto\/akademisch-zweifarbig-im-angebot"},"modified":"2026-05-07T09:32:49","modified_gmt":"2026-05-07T07:32:49","slug":"akademisches-zweifarbiges-angebot","status":"publish","type":"product","link":"https:\/\/www.letutudanza.it\/de\/prodotto\/akademisches-zweifarbiges-angebot","title":{"rendered":"Zweifarbiger akademischer Tanzanzug mit Rei\u00dfverschluss"},"content":{"rendered":"<p>Zweifarbiger Akademikeranzug mit Paspeln und Rei\u00dfverschluss auf der Vorderseite. Hergestellt mit halben \u00c4rmeln aus Baumwolle<\/p>\n","protected":false},"excerpt":{"rendered":"<p>Zweifarbiger akademischer Trainingsanzug mit Paspelierung und Rei\u00dfverschluss auf der Vorderseite.<br \/>\n Hergestellt mit halblangen \u00c4rmeln aus Baumwolle<\/p>\n","protected":false},"featured_media":322280,"template":"","meta":{"_acf_changed":false},"product_brand":[],"product_cat":[1511,1451],"product_tag":[],"class_list":{"0":"post-327492","1":"product","2":"type-product","3":"status-publish","4":"has-post-thumbnail","6":"product_cat-bekleidungs-outlet","7":"product_cat-auslauf","8":"pa_brand-dl-tanzkleidung","10":"first","11":"instock","12":"shipping-taxable","13":"purchasable","14":"product-type-variable"},"acf":[],"_links":{"self":[{"href":"https:\/\/www.letutudanza.it\/de\/wp-json\/wp\/v2\/product\/327492","targetHints":{"allow":["GET"]}}],"collection":[{"href":"https:\/\/www.letutudanza.it\/de\/wp-json\/wp\/v2\/product"}],"about":[{"href":"https:\/\/www.letutudanza.it\/de\/wp-json\/wp\/v2\/types\/product"}],"wp:featuredmedia":[{"embeddable":true,"href":"https:\/\/www.letutudanza.it\/de\/wp-json\/wp\/v2\/media\/322280"}],"wp:attachment":[{"href":"https:\/\/www.letutudanza.it\/de\/wp-json\/wp\/v2\/media?parent=327492"}],"wp:term":[{"taxonomy":"product_brand","embeddable":true,"href":"https:\/\/www.letutudanza.it\/de\/wp-json\/wp\/v2\/product_brand?post=327492"},{"taxonomy":"product_cat","embeddable":true,"href":"https:\/\/www.letutudanza.it\/de\/wp-json\/wp\/v2\/product_cat?post=327492"},{"taxonomy":"product_tag","embeddable":true,"href":"https:\/\/www.letutudanza.it\/de\/wp-json\/wp\/v2\/product_tag?post=327492"}],"curies":[{"name":"wp","href":"https:\/\/api.w.org\/{rel}","templated":true}]}}